{"id":37,"date":"2025-12-10T15:06:55","date_gmt":"2025-12-10T20:06:55","guid":{"rendered":"https:\/\/queerchamber.ca\/rr-live\/?page_id=37"},"modified":"2026-04-21T15:44:49","modified_gmt":"2026-04-21T19:44:49","slug":"a-propos","status":"publish","type":"page","link":"https:\/\/rainbowregistered.com\/fr\/a-propos\/","title":{"rendered":"\u00c0 propos"},"content":{"rendered":"\n<div class=\"wp-block-group alignfull has-white-color has-primary-white-gradient-background has-text-color has-background has-link-color wp-elements-af85c71da8efa841a1a3157fe005f8a8 has-global-padding is-layout-constrained wp-block-group-is-layout-constrained\" style=\"padding-top:var(--wp--preset--spacing--large);padding-bottom:var(--wp--preset--spacing--large)\">\n<div class=\"wp-block-columns alignwide is-layout-flex wp-container-core-columns-is-layout-9c22b1e3 wp-block-columns-is-layout-flex\">\n<div class=\"wp-block-column is-layout-flow wp-block-column-is-layout-flow\" style=\"flex-basis:40%\">\n<h1 class=\"wp-block-heading has-x-large-font-size\"><strong>Cr\u00e9er des espaces accueillants pour tous<\/strong><\/h1>\n\n\n\n<figure class=\"wp-block-image size-full is-style-rounded-top-right is-style-rounded-top-right--1\"><img loading=\"lazy\" decoding=\"async\" width=\"2560\" height=\"1707\" src=\"https:\/\/rainbowregistered.com\/fr\/wp-content\/uploads\/sites\/2\/sites\/9\/2026\/01\/pexels-monstera-9587932-scaled.jpg\" alt=\"\" class=\"wp-image-612\" style=\"aspect-ratio:1;object-fit:cover\" srcset=\"https:\/\/rainbowregistered.com\/fr\/wp-content\/uploads\/sites\/2\/sites\/9\/2026\/01\/pexels-monstera-9587932-scaled.jpg 2560w, https:\/\/rainbowregistered.com\/fr\/wp-content\/uploads\/sites\/2\/sites\/9\/2026\/01\/pexels-monstera-9587932-640x427.jpg 640w, https:\/\/rainbowregistered.com\/fr\/wp-content\/uploads\/sites\/2\/sites\/9\/2026\/01\/pexels-monstera-9587932-1280x853.jpg 1280w, https:\/\/rainbowregistered.com\/fr\/wp-content\/uploads\/sites\/2\/sites\/9\/2026\/01\/pexels-monstera-9587932-768x512.jpg 768w, https:\/\/rainbowregistered.com\/fr\/wp-content\/uploads\/sites\/2\/sites\/9\/2026\/01\/pexels-monstera-9587932-1536x1024.jpg 1536w, https:\/\/rainbowregistered.com\/fr\/wp-content\/uploads\/sites\/2\/sites\/9\/2026\/01\/pexels-monstera-9587932-2048x1365.jpg 2048w\" sizes=\"auto, (max-width: 2560px) 100vw, 2560px\" \/><\/figure>\n<\/div>\n\n\n\n<div class=\"wp-block-column is-vertically-aligned-top is-layout-flow wp-block-column-is-layout-flow\" style=\"padding-top:var(--wp--preset--spacing--small);padding-right:var(--wp--preset--spacing--large);padding-bottom:var(--wp--preset--spacing--small);padding-left:var(--wp--preset--spacing--large);flex-basis:66.66%\">\n<figure class=\"wp-block-image size-large is-style-rounded-top-left is-style-rounded-top-left--2\"><img loading=\"lazy\" decoding=\"async\" width=\"1280\" height=\"854\" src=\"https:\/\/rainbowregistered.com\/fr\/wp-content\/uploads\/sites\/2\/sites\/9\/2026\/01\/mercedes-mehling-7J7x8HLXQKA-unsplash-2048x1366-1-1280x854.jpg\" alt=\"\" class=\"wp-image-610\" srcset=\"https:\/\/rainbowregistered.com\/fr\/wp-content\/uploads\/sites\/2\/sites\/9\/2026\/01\/mercedes-mehling-7J7x8HLXQKA-unsplash-2048x1366-1-1280x854.jpg 1280w, https:\/\/rainbowregistered.com\/fr\/wp-content\/uploads\/sites\/2\/sites\/9\/2026\/01\/mercedes-mehling-7J7x8HLXQKA-unsplash-2048x1366-1-640x427.jpg 640w, https:\/\/rainbowregistered.com\/fr\/wp-content\/uploads\/sites\/2\/sites\/9\/2026\/01\/mercedes-mehling-7J7x8HLXQKA-unsplash-2048x1366-1-768x512.jpg 768w, https:\/\/rainbowregistered.com\/fr\/wp-content\/uploads\/sites\/2\/sites\/9\/2026\/01\/mercedes-mehling-7J7x8HLXQKA-unsplash-2048x1366-1-1536x1025.jpg 1536w, https:\/\/rainbowregistered.com\/fr\/wp-content\/uploads\/sites\/2\/sites\/9\/2026\/01\/mercedes-mehling-7J7x8HLXQKA-unsplash-2048x1366-1.jpg 2048w\" sizes=\"auto, (max-width: 1280px) 100vw, 1280px\" \/><\/figure>\n\n\n\n<p>Arc-en-ciel Officiel est un programme d\u2019accr\u00e9ditation des espaces s\u00fbrs reconnu au niveau national. Il a \u00e9t\u00e9 d\u00e9velopp\u00e9 par la Chambre de commerce queer du Canada (CQCC) et Tourisme RH Canada avec l\u2019aide du gouvernement f\u00e9d\u00e9ral. Le programme reconna\u00eet les organisations favorables au 2SLGBTQI+ de toutes tailles et de tous secteurs.<\/p>\n\n\n\n<div class=\"wp-block-buttons is-layout-flex wp-block-buttons-is-layout-flex\">\n<div class=\"wp-block-button is-style-fill\"><a class=\"wp-block-button__link has-custom-red-background-color has-background wp-element-button\" href=\"https:\/\/rainbowregistered.com\/fr\/inscrivez-vous\/\" style=\"padding-right:var(--wp--preset--spacing--large);padding-left:var(--wp--preset--spacing--large);text-transform:uppercase\">Inscrivez-vous<\/a><\/div>\n<\/div>\n<\/div>\n<\/div>\n<\/div>\n\n\n\n<div style=\"height:40px\" aria-hidden=\"true\" class=\"wp-block-spacer\"><\/div>\n\n\n\n<h2 class=\"wp-block-heading has-text-align-center\"><strong>Nous ouvrons des portes avec un c\u0153ur ouvert<\/strong><\/h2>\n\n\n\n<div style=\"height:40px\" aria-hidden=\"true\" class=\"wp-block-spacer\"><\/div>\n\n\n\n<div class=\"wp-block-group alignwide has-global-padding is-layout-constrained wp-block-group-is-layout-constrained\">\n<div class=\"wp-block-columns alignwide is-layout-flex wp-container-core-columns-is-layout-28f84493 wp-block-columns-is-layout-flex\">\n<div class=\"wp-block-column has-white-color has-secondary-background-color has-text-color has-background has-link-color wp-elements-8213b065e26de4f2dc306382820740ce is-layout-flow wp-block-column-is-layout-flow\" style=\"padding-top:var(--wp--preset--spacing--medium);padding-right:var(--wp--preset--spacing--medium);padding-bottom:var(--wp--preset--spacing--medium);padding-left:var(--wp--preset--spacing--medium)\">\n<figure class=\"wp-block-image size-full is-style-rounded-top-right is-style-rounded-top-right--3\"><img loading=\"lazy\" decoding=\"async\" width=\"2560\" height=\"1529\" src=\"https:\/\/rainbowregistered.com\/fr\/wp-content\/uploads\/sites\/2\/sites\/9\/2026\/01\/vecteezy_image-of-gay-couple-holding-hands-on-lgbt-flag_3669902-scaled.jpg\" alt=\"\" class=\"wp-image-614\" style=\"aspect-ratio:1;object-fit:cover\" srcset=\"https:\/\/rainbowregistered.com\/fr\/wp-content\/uploads\/sites\/2\/sites\/9\/2026\/01\/vecteezy_image-of-gay-couple-holding-hands-on-lgbt-flag_3669902-scaled.jpg 2560w, https:\/\/rainbowregistered.com\/fr\/wp-content\/uploads\/sites\/2\/sites\/9\/2026\/01\/vecteezy_image-of-gay-couple-holding-hands-on-lgbt-flag_3669902-640x382.jpg 640w, https:\/\/rainbowregistered.com\/fr\/wp-content\/uploads\/sites\/2\/sites\/9\/2026\/01\/vecteezy_image-of-gay-couple-holding-hands-on-lgbt-flag_3669902-1280x765.jpg 1280w, https:\/\/rainbowregistered.com\/fr\/wp-content\/uploads\/sites\/2\/sites\/9\/2026\/01\/vecteezy_image-of-gay-couple-holding-hands-on-lgbt-flag_3669902-768x459.jpg 768w, https:\/\/rainbowregistered.com\/fr\/wp-content\/uploads\/sites\/2\/sites\/9\/2026\/01\/vecteezy_image-of-gay-couple-holding-hands-on-lgbt-flag_3669902-1536x918.jpg 1536w, https:\/\/rainbowregistered.com\/fr\/wp-content\/uploads\/sites\/2\/sites\/9\/2026\/01\/vecteezy_image-of-gay-couple-holding-hands-on-lgbt-flag_3669902-2048x1223.jpg 2048w\" sizes=\"auto, (max-width: 2560px) 100vw, 2560px\" \/><\/figure>\n\n\n\n<h3 class=\"wp-block-heading\"><strong>Notre mission<\/strong>\u2028<\/h3>\n\n\n\n<p>Aider notre \u00e9conomie \u00e0 prosp\u00e9rer en favorisant la croissance et la prosp\u00e9rit\u00e9 gr\u00e2ce \u00e0 la diversit\u00e9 et \u00e0 l\u2019inclusion.<\/p>\n<\/div>\n\n\n\n<div class=\"wp-block-column has-white-color has-primary-background-color has-text-color has-background has-link-color wp-elements-b2dba9c822c8b3339aa46f623defe73a is-layout-flow wp-block-column-is-layout-flow\" style=\"padding-top:var(--wp--preset--spacing--medium);padding-right:var(--wp--preset--spacing--medium);padding-bottom:var(--wp--preset--spacing--medium);padding-left:var(--wp--preset--spacing--medium)\">\n<figure class=\"wp-block-image size-full is-style-default\"><img loading=\"lazy\" decoding=\"async\" width=\"2560\" height=\"1707\" src=\"https:\/\/rainbowregistered.com\/fr\/wp-content\/uploads\/sites\/2\/sites\/9\/2026\/01\/pexels-sharon-mccutcheon-1209843-scaled.jpg\" alt=\"\" class=\"wp-image-613\" style=\"aspect-ratio:1;object-fit:cover\" srcset=\"https:\/\/rainbowregistered.com\/fr\/wp-content\/uploads\/sites\/2\/sites\/9\/2026\/01\/pexels-sharon-mccutcheon-1209843-scaled.jpg 2560w, https:\/\/rainbowregistered.com\/fr\/wp-content\/uploads\/sites\/2\/sites\/9\/2026\/01\/pexels-sharon-mccutcheon-1209843-640x427.jpg 640w, https:\/\/rainbowregistered.com\/fr\/wp-content\/uploads\/sites\/2\/sites\/9\/2026\/01\/pexels-sharon-mccutcheon-1209843-1280x853.jpg 1280w, https:\/\/rainbowregistered.com\/fr\/wp-content\/uploads\/sites\/2\/sites\/9\/2026\/01\/pexels-sharon-mccutcheon-1209843-768x512.jpg 768w, https:\/\/rainbowregistered.com\/fr\/wp-content\/uploads\/sites\/2\/sites\/9\/2026\/01\/pexels-sharon-mccutcheon-1209843-1536x1024.jpg 1536w, https:\/\/rainbowregistered.com\/fr\/wp-content\/uploads\/sites\/2\/sites\/9\/2026\/01\/pexels-sharon-mccutcheon-1209843-2048x1365.jpg 2048w\" sizes=\"auto, (max-width: 2560px) 100vw, 2560px\" \/><\/figure>\n\n\n\n<h3 class=\"wp-block-heading\"><strong>Notre vision<\/strong>\u2028<\/h3>\n\n\n\n<p>Inspirez le plus grand nombre possible d\u2019entreprises \u00e0 cr\u00e9er des espaces inclusifs pour la communaut\u00e9 2SLGBTQI+.<\/p>\n<\/div>\n\n\n\n<div class=\"wp-block-column has-white-color has-custom-red-background-color has-text-color has-background has-link-color wp-elements-9fa72f010721742e4ae4c024b67bcdfb is-layout-flow wp-block-column-is-layout-flow\" style=\"padding-top:var(--wp--preset--spacing--medium);padding-right:var(--wp--preset--spacing--medium);padding-bottom:var(--wp--preset--spacing--medium);padding-left:var(--wp--preset--spacing--medium)\">\n<figure class=\"wp-block-image size-full is-style-rounded-top-left is-style-rounded-top-left--4\"><img loading=\"lazy\" decoding=\"async\" width=\"2560\" height=\"1707\" src=\"https:\/\/rainbowregistered.com\/fr\/wp-content\/uploads\/sites\/2\/sites\/9\/2026\/01\/vecteezy_blue-jean-jacket-or-denim-shirt-and-holding-rainbow-color-flag-heart-symbol-of-lgbt-human_2761015-scaled.jpg\" alt=\"\" class=\"wp-image-615\" style=\"aspect-ratio:1;object-fit:cover\" srcset=\"https:\/\/rainbowregistered.com\/fr\/wp-content\/uploads\/sites\/2\/sites\/9\/2026\/01\/vecteezy_blue-jean-jacket-or-denim-shirt-and-holding-rainbow-color-flag-heart-symbol-of-lgbt-human_2761015-scaled.jpg 2560w, https:\/\/rainbowregistered.com\/fr\/wp-content\/uploads\/sites\/2\/sites\/9\/2026\/01\/vecteezy_blue-jean-jacket-or-denim-shirt-and-holding-rainbow-color-flag-heart-symbol-of-lgbt-human_2761015-640x427.jpg 640w, https:\/\/rainbowregistered.com\/fr\/wp-content\/uploads\/sites\/2\/sites\/9\/2026\/01\/vecteezy_blue-jean-jacket-or-denim-shirt-and-holding-rainbow-color-flag-heart-symbol-of-lgbt-human_2761015-1280x853.jpg 1280w, https:\/\/rainbowregistered.com\/fr\/wp-content\/uploads\/sites\/2\/sites\/9\/2026\/01\/vecteezy_blue-jean-jacket-or-denim-shirt-and-holding-rainbow-color-flag-heart-symbol-of-lgbt-human_2761015-768x512.jpg 768w, https:\/\/rainbowregistered.com\/fr\/wp-content\/uploads\/sites\/2\/sites\/9\/2026\/01\/vecteezy_blue-jean-jacket-or-denim-shirt-and-holding-rainbow-color-flag-heart-symbol-of-lgbt-human_2761015-1536x1024.jpg 1536w, https:\/\/rainbowregistered.com\/fr\/wp-content\/uploads\/sites\/2\/sites\/9\/2026\/01\/vecteezy_blue-jean-jacket-or-denim-shirt-and-holding-rainbow-color-flag-heart-symbol-of-lgbt-human_2761015-2048x1365.jpg 2048w\" sizes=\"auto, (max-width: 2560px) 100vw, 2560px\" \/><\/figure>\n\n\n\n<h3 class=\"wp-block-heading\"><strong>Nos valeurs<\/strong>\u2028<\/h3>\n\n\n\n<ul class=\"wp-block-list\">\n<li>Bravoir et audace<\/li>\n\n\n\n<li>Communaut\u00e9<\/li>\n\n\n\n<li>Collaboration<\/li>\n\n\n\n<li>Diversit\u00e9, \u00c9quit\u00e9 et Inclusion<\/li>\n\n\n\n<li>Int\u00e9grit\u00e9<\/li>\n<\/ul>\n<\/div>\n<\/div>\n<\/div>\n\n\n\n<div style=\"height:100px\" aria-hidden=\"true\" class=\"wp-block-spacer\"><\/div>\n\n\n\n<div class=\"wp-block-group alignwide has-global-padding is-layout-constrained wp-container-core-group-is-layout-19e250f3 wp-block-group-is-layout-constrained\">\n<div class=\"wp-block-columns alignwide is-layout-flex wp-container-core-columns-is-layout-5016e1a0 wp-block-columns-is-layout-flex\">\n<div class=\"wp-block-column is-layout-flow wp-block-column-is-layout-flow\" style=\"flex-basis:33.33%\">\n<figure class=\"wp-block-image size-full is-style-rounded-bottom-right is-style-rounded-bottom-right--5\"><img loading=\"lazy\" decoding=\"async\" width=\"433\" height=\"539\" src=\"https:\/\/queerchamber.ca\/rr-live\/wp-content\/uploads\/sites\/2\/sites\/8\/2025\/12\/c8ef709e868f80adc48cc88d13ddca1587ecde41.jpg\" alt=\"\" class=\"wp-image-14\" \/><\/figure>\n<\/div>\n\n\n\n<div class=\"wp-block-column is-layout-flow wp-block-column-is-layout-flow\" style=\"flex-basis:66.66%\">\n<h2 class=\"wp-block-heading\"><strong>\u00c0 propos de CQCC<\/strong><\/h2>\n\n\n\n<p>La Chambre de commerce queer du Canada est une organisation \u00e0 but non lucratif repr\u00e9sentant une coalition d\u2019entreprises d\u00e9tenues et soutenues par 2SLGBTQI+. Gr\u00e2ce \u00e0 des programmes innovants, des formations et des opportunit\u00e9s de r\u00e9seautage, le CQCC favorise une plus grande diversit\u00e9 afin de b\u00e2tir une \u00e9conomie canadienne plus forte et inclusive pour tous.<\/p>\n\n\n\n<div class=\"wp-block-buttons is-layout-flex wp-block-buttons-is-layout-flex\">\n<div class=\"wp-block-button\"><a class=\"wp-block-button__link has-primary-white-gradient-background has-background wp-element-button\" href=\"https:\/\/queerchamber.ca\" style=\"padding-top:var(--wp--preset--spacing--small);padding-right:var(--wp--preset--spacing--large);padding-bottom:var(--wp--preset--spacing--small);padding-left:var(--wp--preset--spacing--large)\">D\u00c9COUVREZ LE CQCC<\/a><\/div>\n<\/div>\n<\/div>\n<\/div>\n<\/div>\n\n\n\n<div style=\"height:100px\" aria-hidden=\"true\" class=\"wp-block-spacer\"><\/div>\n\n\n\n<div class=\"wp-block-group alignwide has-global-padding is-layout-constrained wp-block-group-is-layout-constrained\">\n<div class=\"wp-block-columns alignwide is-layout-flex wp-container-core-columns-is-layout-28f84493 wp-block-columns-is-layout-flex\">\n<div class=\"wp-block-column is-layout-flow wp-block-column-is-layout-flow\" style=\"flex-basis:33.33%\">\n<h2 class=\"wp-block-heading\"><strong>Rencontrez l\u2019\u00e9quipe<\/strong><\/h2>\n<\/div>\n\n\n\n<div class=\"wp-block-column is-layout-flow wp-block-column-is-layout-flow\" style=\"flex-basis:66.66%\">\n<div class=\"wp-block-columns is-layout-flex wp-container-core-columns-is-layout-50a62288 wp-block-columns-is-layout-flex\" style=\"padding-bottom:var(--wp--preset--spacing--large)\">\n<div class=\"wp-block-column is-layout-flow wp-block-column-is-layout-flow\">\n<figure class=\"wp-block-image size-full is-style-rounded-top-left is-style-rounded-top-left--6\"><img loading=\"lazy\" decoding=\"async\" width=\"1365\" height=\"2048\" src=\"https:\/\/rainbowregistered.com\/fr\/wp-content\/uploads\/sites\/2\/sites\/9\/2026\/01\/SamsonPhotography-PrideBoard-Connor-1_optimized-2.jpg\" alt=\"\" class=\"wp-image-617\" style=\"aspect-ratio:0.75;object-fit:cover\" srcset=\"https:\/\/rainbowregistered.com\/fr\/wp-content\/uploads\/sites\/2\/sites\/9\/2026\/01\/SamsonPhotography-PrideBoard-Connor-1_optimized-2.jpg 1365w, https:\/\/rainbowregistered.com\/fr\/wp-content\/uploads\/sites\/2\/sites\/9\/2026\/01\/SamsonPhotography-PrideBoard-Connor-1_optimized-2-640x960.jpg 640w, https:\/\/rainbowregistered.com\/fr\/wp-content\/uploads\/sites\/2\/sites\/9\/2026\/01\/SamsonPhotography-PrideBoard-Connor-1_optimized-2-1280x1920.jpg 1280w, https:\/\/rainbowregistered.com\/fr\/wp-content\/uploads\/sites\/2\/sites\/9\/2026\/01\/SamsonPhotography-PrideBoard-Connor-1_optimized-2-768x1152.jpg 768w, https:\/\/rainbowregistered.com\/fr\/wp-content\/uploads\/sites\/2\/sites\/9\/2026\/01\/SamsonPhotography-PrideBoard-Connor-1_optimized-2-1024x1536.jpg 1024w\" sizes=\"auto, (max-width: 1365px) 100vw, 1365px\" \/><\/figure>\n\n\n\n<p><strong>Connor McKiggan<\/strong><br>(il\/elle\/iel)<br><em>Responsable du d\u00e9veloppement commercial<\/em><\/p>\n<\/div>\n\n\n\n<div class=\"wp-block-column is-layout-flow wp-block-column-is-layout-flow\">\n<figure class=\"wp-block-image size-full is-style-rounded-bottom-right is-style-rounded-bottom-right--7\"><img loading=\"lazy\" decoding=\"async\" width=\"960\" height=\"1280\" src=\"https:\/\/rainbowregistered.com\/fr\/wp-content\/uploads\/sites\/2\/sites\/9\/2026\/04\/VictoriaHeadshot2.png\" alt=\"\" class=\"wp-image-701\" style=\"aspect-ratio:3\/4;object-fit:cover\" srcset=\"https:\/\/rainbowregistered.com\/fr\/wp-content\/uploads\/sites\/2\/sites\/9\/2026\/04\/VictoriaHeadshot2.png 960w, https:\/\/rainbowregistered.com\/fr\/wp-content\/uploads\/sites\/2\/sites\/9\/2026\/04\/VictoriaHeadshot2-640x853.png 640w, https:\/\/rainbowregistered.com\/fr\/wp-content\/uploads\/sites\/2\/sites\/9\/2026\/04\/VictoriaHeadshot2-768x1024.png 768w\" sizes=\"auto, (max-width: 960px) 100vw, 960px\" \/><\/figure>\n\n\n\n<p><strong>Victoria Wicks<\/strong><br>(elle)<br><em>Responsable de projet (Sud de l\u2019Ontario et Canada atlantique)<\/em><\/p>\n<\/div>\n<\/div>\n<\/div>\n<\/div>\n<\/div>\n\n\n\n<div style=\"height:40px\" aria-hidden=\"true\" class=\"wp-block-spacer\"><\/div>\n\n\n\n<div class=\"wp-block-group alignfull has-white-color has-primary-white-gradient-background has-text-color has-background has-link-color wp-elements-622e31960bbbb61962e24881f7106d74 has-global-padding is-layout-constrained wp-container-core-group-is-layout-ab34b002 wp-block-group-is-layout-constrained\" style=\"margin-top:0;margin-bottom:0;padding-top:var(--wp--preset--spacing--large);padding-right:var(--wp--preset--spacing--large);padding-bottom:var(--wp--preset--spacing--large);padding-left:var(--wp--preset--spacing--large)\">\n<h2 class=\"wp-block-heading has-text-align-center\"><strong><strong>Nos partenaires<\/strong><\/strong><\/h2>\n\n\n\n<div class=\"wp-block-group is-nowrap is-layout-flex wp-container-core-group-is-layout-6c531013 wp-block-group-is-layout-flex\">\n<p class=\"has-text-align-center\">Le programme l\u2019Arc-en-ciel Officiel est rendu possible gr\u00e2ce au g\u00e9n\u00e9reux soutien et \u00e0 la collaboration indispensable de nos partenaires.<\/p>\n<\/div>\n\n\n\n<figure class=\"wp-block-gallery has-nested-images columns-default is-cropped wp-block-gallery-8 is-layout-flex wp-block-gallery-is-layout-flex\">\n<figure class=\"wp-block-image size-large\"><img loading=\"lazy\" decoding=\"async\" width=\"1280\" height=\"429\" data-id=\"216\" src=\"https:\/\/queerchamber.ca\/rr-live\/wp-content\/uploads\/sites\/2\/sites\/8\/2025\/12\/Canada_White-1-1280x429.png\" alt=\"\" class=\"wp-image-216\" style=\"aspect-ratio:1;object-fit:contain\" srcset=\"https:\/\/rainbowregistered.com\/fr\/wp-content\/uploads\/sites\/2\/sites\/9\/2025\/12\/Canada_White-1-1280x429.png 1280w, https:\/\/rainbowregistered.com\/fr\/wp-content\/uploads\/sites\/2\/sites\/9\/2025\/12\/Canada_White-1-640x214.png 640w, https:\/\/rainbowregistered.com\/fr\/wp-content\/uploads\/sites\/2\/sites\/9\/2025\/12\/Canada_White-1-768x257.png 768w, https:\/\/rainbowregistered.com\/fr\/wp-content\/uploads\/sites\/2\/sites\/9\/2025\/12\/Canada_White-1-1536x515.png 1536w, https:\/\/rainbowregistered.com\/fr\/wp-content\/uploads\/sites\/2\/sites\/9\/2025\/12\/Canada_White-1.png 2000w\" sizes=\"auto, (max-width: 1280px) 100vw, 1280px\" \/><figcaption class=\"wp-element-caption\"><a href=\"https:\/\/queerchamber.ca\/fr\/southern-ontario-tourism-project\/\">Projet de tourisme dans le sud de l\u2019Ontario<\/a>&nbsp;|&nbsp;<a href=\"https:\/\/queerchamber.ca\/fr\/atlantic-canadian-tourism-hospitality\/\">Projet de tourisme de l\u2019Atlantique<\/a>&nbsp;|&nbsp;<a href=\"https:\/\/queerchamber.ca\/fr\/2slgbtqi-tourism-project-northern-ontario\/\">Projet de tourisme dans le nord de l\u2019Ontario<\/a><\/figcaption><\/figure>\n\n\n\n<figure class=\"wp-block-image size-full\"><a href=\"https:\/\/greenstep.ca\/fr\/\"><img loading=\"lazy\" decoding=\"async\" width=\"387\" height=\"100\" data-id=\"217\" src=\"https:\/\/rainbowregistered.com\/fr\/wp-content\/uploads\/sites\/2\/sites\/9\/2025\/12\/logo-greenstep-semi-rev.png\" alt=\"\" class=\"wp-image-217\" style=\"object-fit:contain\" \/><\/a><figcaption class=\"wp-element-caption\">Un d\u00e9veloppement durable qui fait progresser les entreprises. <br><a href=\"https:\/\/greenstep.ca\/fr\/\">greenstep.ca\/fr<\/a><\/figcaption><\/figure>\n<\/figure>\n<\/div>\n","protected":false},"excerpt":{"rendered":"<p>Cr\u00e9er des espaces accueillants pour tous Rainbow Registered est un programme d\u2019accr\u00e9ditation des espaces s\u00fbrs reconnu au niveau national. Il a \u00e9t\u00e9 d\u00e9velopp\u00e9 par la Chambre de commerce queer du Canada (CQCC) et Tourisme RH Canada avec l\u2019aide du gouvernement f\u00e9d\u00e9ral. Le programme reconna\u00eet les organisations favorables au 2SLGBTQI+ de toutes tailles et de tous secteurs. Nous ouvrons des portes avec un c\u0153ur ouvert Notre mission : Aider notre \u00e9conomie \u00e0 prosp\u00e9rer en favorisant la croissance et la prosp\u00e9rit\u00e9 par la diversit\u00e9 et l\u2019inclusion. Notre vision : inspirer le plus grand nombre possible d\u2019entreprises \u00e0 cr\u00e9er des espaces inclusifs pour la communaut\u00e9 2SLGBTQI+. Nos valeurs \u00c0 propos de CQCC La Chambre de commerce queer du Canada est une organisation \u00e0 but non lucratif repr\u00e9sentant [&#8230;]<\/p>\n","protected":false},"author":1,"featured_media":0,"parent":0,"menu_order":0,"comment_status":"closed","ping_status":"closed","template":"","meta":{"_acf_changed":false,"_tec_requires_first_save":true,"_trash_the_other_posts":false,"advanced_seo_description":"","jetpack_seo_html_title":"","jetpack_seo_noindex":false,"_EventAllDay":false,"_EventTimezone":"","_EventStartDate":"","_EventEndDate":"","_EventStartDateUTC":"","_EventEndDateUTC":"","_EventShowMap":false,"_EventShowMapLink":false,"_EventURL":"","_EventCost":"","_EventCostDescription":"","_EventCurrencySymbol":"","_EventCurrencyCode":"","_EventCurrencyPosition":"","_EventDateTimeSeparator":"","_EventTimeRangeSeparator":"","_EventOrganizerID":[],"_EventVenueID":[],"_OrganizerEmail":"","_OrganizerPhone":"","_OrganizerWebsite":"","_VenueAddress":"","_VenueCity":"","_VenueCountry":"","_VenueProvince":"","_VenueState":"","_VenueZip":"","_VenuePhone":"","_VenueURL":"","_VenueStateProvince":"","_VenueLat":"","_VenueLng":"","_VenueShowMap":false,"_VenueShowMapLink":false,"_tribe_blocks_recurrence_rules":"","_tribe_blocks_recurrence_description":"","_tribe_blocks_recurrence_exclusions":"","editor_notices":[],"footnotes":""},"class_list":["post-37","page","type-page","status-publish","hentry"],"acf":[],"jetpack_sharing_enabled":true,"_links":{"self":[{"href":"https:\/\/rainbowregistered.com\/fr\/wp-json\/wp\/v2\/pages\/37","targetHints":{"allow":["GET"]}}],"collection":[{"href":"https:\/\/rainbowregistered.com\/fr\/wp-json\/wp\/v2\/pages"}],"about":[{"href":"https:\/\/rainbowregistered.com\/fr\/wp-json\/wp\/v2\/types\/page"}],"author":[{"embeddable":true,"href":"https:\/\/rainbowregistered.com\/fr\/wp-json\/wp\/v2\/users\/1"}],"replies":[{"embeddable":true,"href":"https:\/\/rainbowregistered.com\/fr\/wp-json\/wp\/v2\/comments?post=37"}],"version-history":[{"count":18,"href":"https:\/\/rainbowregistered.com\/fr\/wp-json\/wp\/v2\/pages\/37\/revisions"}],"predecessor-version":[{"id":703,"href":"https:\/\/rainbowregistered.com\/fr\/wp-json\/wp\/v2\/pages\/37\/revisions\/703"}],"wp:attachment":[{"href":"https:\/\/rainbowregistered.com\/fr\/wp-json\/wp\/v2\/media?parent=37"}],"curies":[{"name":"wp","href":"https:\/\/api.w.org\/{rel}","templated":true}]}}