{"id":49,"date":"2025-12-10T15:12:07","date_gmt":"2025-12-10T20:12:07","guid":{"rendered":"https:\/\/queerchamber.ca\/rr-live\/?page_id=49"},"modified":"2026-01-13T15:42:50","modified_gmt":"2026-01-13T20:42:50","slug":"politique-des-cookies","status":"publish","type":"page","link":"https:\/\/rainbowregistered.com\/fr\/politique-des-cookies\/","title":{"rendered":"Politique des cookies"},"content":{"rendered":"\n<div class=\"wp-block-group mdpadding is-layout-flow wp-block-group-is-layout-flow\">\n<h1 class=\"wp-block-heading\">Politique des cookies<\/h1>\n\n\n\n<p>Nous utilisons des cookies pour am\u00e9liorer votre exp\u00e9rience sur [site web]. Cette politique de cookies fait partie de la politique de confidentialit\u00e9 de Arc-en-ciel Officiel et couvre l\u2019utilisation des cookies entre votre appareil et notre site. Nous fournissons \u00e9galement des informations de base sur les services tiers que nous pouvons utiliser, qui peuvent \u00e9galement utiliser des cookies dans le cadre de leur service, bien qu\u2019ils ne soient pas couverts par notre politique.<\/p>\n\n\n\n<p>Si vous ne souhaitez pas accepter les cookies de notre part, vous devez demander \u00e0 votre navigateur de refuser les cookies de [site web], en sachant que nous pourrions ne pas pouvoir vous fournir certains des contenus et services souhait\u00e9s.<\/p>\n\n\n\n<h3 class=\"wp-block-heading\">Qu\u2019est-ce qu\u2019un cookie ?<\/h3>\n\n\n\n<p>Un cookie est un petit morceau de donn\u00e9es qu\u2019un site web stocke sur votre \nappareil lors de votre visite, contenant g\u00e9n\u00e9ralement des informations sur le \nun identifiant unique qui permet au site de reconna\u00eetre \nvotre navigateur web \u00e0 votre retour, des donn\u00e9es suppl\u00e9mentaires qui servent le \nle but du cookie, et la dur\u00e9e de vie du cookie lui-m\u00eame.<\/p>\n\n\n\n<p>Les cookies sont utilis\u00e9s pour activer certaines fonctionnalit\u00e9s (par exemple, la connexion), pour \nSuivez l\u2019utilisation du site (par exemple analytics) pour stocker vos param\u00e8tres utilisateurs (par exemple, \nfuseau horaire, pr\u00e9f\u00e9rences de notifications), et pour personnaliser votre contenu \n(par exemple, publicit\u00e9, langue).<\/p>\n\n\n\n<p>Les cookies configur\u00e9s par le site que vous visitez sont g\u00e9n\u00e9ralement r\u00e9f\u00e9renc\u00e9s \ncomme des \u00ab cookies de premi\u00e8re partie \u00bb, et en g\u00e9n\u00e9ral ne suivent que votre activit\u00e9 sur ce site\n Site particulier. Cookies \u00e9tablis par d\u2019autres sites et entreprises (par exemple, troisi\u00e8me, \nparties) sont appel\u00e9s \u00ab cookies tiers \u00bb et peuvent \u00eatre utilis\u00e9s pour vous suivre \nsur d\u2019autres sites qui utilisent le m\u00eame service tiers.<\/p>\n\n\n\n<h3 class=\"wp-block-heading\">Types de cookies et leur utilisation<\/h3>\n\n\n\n<h4 class=\"wp-block-heading\">Cookies essentiels<\/h4>\n\n\n\n<p>Les cookies essentiels sont essentiels \u00e0 votre exp\u00e9rience d\u2019un site web, \nactivation de fonctionnalit\u00e9s cl\u00e9s comme les connexions utilisateurs, la gestion de compte, le shopping \npaniers et traitement des paiements. Nous utilisons des cookies essentiels pour activer certains\n Fonctions sur notre site web.<\/p>\n\n\n\n<h4 class=\"wp-block-heading\">Cookies de performance<\/h4>\n\n\n\n<p>Les cookies de performance sont utilis\u00e9s pour suivre l\u2019utilisation d\u2019un site web\n Pendant votre visite, sans recueillir d\u2019informations personnelles \u00e0 votre sujet. \nEn g\u00e9n\u00e9ral, ces informations sont anonymes et agr\u00e9g\u00e9es avec des informations\n Suivi de tous les utilisateurs du site, pour aider les entreprises \u00e0 comprendre les visiteurs \nSch\u00e9mas d\u2019utilisation, identifier et diagnostiquer les probl\u00e8mes ou erreurs que leurs utilisateurs peuvent\n rencontre, et prend de meilleures d\u00e9cisions strat\u00e9giques pour am\u00e9liorer leur \nl\u2019exp\u00e9rience globale du public sur le site web. Ces cookies peuvent \u00eatre d\u00e9finis par le \nle site que vous visitez (de premi\u00e8re partie) ou par des services tiers. Nous utilisons\n Cookies de performance sur notre site.<\/p>\n\n\n\n<h4 class=\"wp-block-heading\">Cookies de fonctionnalit\u00e9<\/h4>\n\n\n\n<p>Les cookies de fonctionnalit\u00e9 sont utilis\u00e9s pour collecter des informations sur votre \net les r\u00e9glages que vous pouvez configurer sur le site web que vous visitez\n (comme la langue et les r\u00e9glages de fuseau horaire). Avec ces informations, les sites web \npeuvent vous fournir du contenu personnalis\u00e9, enrichi ou optimis\u00e9 et \nservices. Ces cookies peuvent \u00eatre d\u00e9finis par le site web que vous visitez \n(premi\u00e8re partie) ou par un service tiers. Nous utilisons des cookies de fonctionnalit\u00e9 \npour des fonctionnalit\u00e9s s\u00e9lectionn\u00e9es sur notre site.<\/p>\n\n\n\n<h4 class=\"wp-block-heading\">Ciblage\/cookies publicitaires<\/h4>\n\n\n\n<p>Les cookies de ciblage\/publicit\u00e9 sont utilis\u00e9s pour d\u00e9terminer ce que \nLe contenu promotionnel est plus pertinent et appropri\u00e9 pour vous et votre \nDes int\u00e9r\u00eats. Les sites web peuvent les utiliser pour diffuser des publicit\u00e9s cibl\u00e9es ou pour \nLimitez le nombre de fois o\u00f9 vous voyez une publicit\u00e9. Cela aide les entreprises\n Am\u00e9liorer l\u2019efficacit\u00e9 de leurs campagnes et la qualit\u00e9 du contenu\n Pr\u00e9sent\u00e9 \u00e0 toi. Ces cookies peuvent \u00eatre d\u00e9finis par le site web o\u00f9 vous \u00eates \nvisiter (de premi\u00e8re partie) ou par des services tiers. Ciblage\/publicit\u00e9\n Les cookies cr\u00e9\u00e9s par des tiers peuvent \u00eatre utilis\u00e9s pour vous suivre sur d\u2019autres sites web\n qui utilisent le m\u00eame service tiers. Nous utilisons le ciblage\/la publicit\u00e9 \nDes cookies sur notre site.<\/p>\n\n\n\n<h3 class=\"wp-block-heading\">Cookies tiers sur notre site<\/h3>\n\n\n\n<p>Nous pouvons employer des entreprises et des particuliers tiers sur nos sites web \u2014 par exemple, des fournisseurs d\u2019analyses et des partenaires de contenu. Nous accordons \u00e0 ces tiers l\u2019acc\u00e8s \u00e0 certaines informations pour accomplir des t\u00e2ches sp\u00e9cifiques en notre nom. Ils peuvent \u00e9galement d\u00e9finir des cookies tiers afin de fournir les services qu\u2019ils proposent. Les cookies tiers peuvent \u00eatre utilis\u00e9s pour vous suivre sur d\u2019autres sites web qui utilisent le m\u00eame service tiers.  Comme nous n\u2019avons aucun contr\u00f4le sur les cookies tiers, ils ne sont pas couverts par la politique de Arc-en-ciel Officiel.<\/p>\n\n\n\n<h4 class=\"wp-block-heading\">Notre promesse de confidentialit\u00e9 tierce<\/h4>\n\n\n\n<p>Nous examinons les politiques de confidentialit\u00e9 de tous nos prestataires tiers \navant de faire appel \u00e0 leurs services pour s\u2019assurer que leurs pratiques sont align\u00e9es avec \n\u00e0 nous. Nous n\u2019inclurons jamais sciemment des services tiers qui \ncompromettre ou violer la vie priv\u00e9e de nos utilisateurs.<\/p>\n\n\n\n<h3 class=\"wp-block-heading\">Comment contr\u00f4ler ou se d\u00e9sinscrire des cookies<\/h3>\n\n\n\n<p>Si vous ne souhaitez pas accepter les cookies de notre part, vous pouvez en faire appel \u00e0 votre \nnavigateur pour refuser les cookies de notre site web. La plupart des navigateurs sont configur\u00e9s\n pour accepter les cookies par d\u00e9faut, mais vous pouvez mettre \u00e0 jour ces param\u00e8tres pour \nsoit refuser compl\u00e8tement les cookies, soit vous informer lorsqu\u2019un site web est \nJ\u2019essaie de configurer ou de mettre \u00e0 jour un cookie.<\/p>\n\n\n\n<p>Si vous parcourez des sites web depuis plusieurs appareils, vous devrez peut-\u00eatre mettre \u00e0 jour vos param\u00e8tres sur chaque appareil individuellement.<\/p>\n\n\n\n<p>Bien que certains cookies puissent \u00eatre bloqu\u00e9s avec peu d\u2019impact sur votre \nExp\u00e9rience d\u2019un site web, bloquer tous les cookies peut signifier que vous ne pouvez pas en faire\n Acc\u00e9dez \u00e0 certaines fonctionnalit\u00e9s et contenus sur les sites que vous visitez.<\/p>\n<\/div>\n","protected":false},"excerpt":{"rendered":"<p>Politique des cookies Nous utilisons des cookies pour am\u00e9liorer votre exp\u00e9rience de . Cette politique de cookies fait partie de la politique de confidentialit\u00e9 de , et couvre l\u2019utilisation des cookies entre votre appareil et notre site. Nous fournissons \u00e9galement des informations de base sur les services tiers que nous pouvons utiliser, qui peuvent \u00e9galement utiliser des cookies dans le cadre de leur service, bien qu\u2019ils ne soient pas couverts par notre politique. Si vous ne souhaitez pas accepter les cookies de notre part, vous devez demander \u00e0 votre navigateur de refuser les cookies de , en sachant que nous pourrions ne pas \u00eatre en mesure de vous fournir certains des contenus et services souhait\u00e9s. [&hellip;]<\/p>\n","protected":false},"author":1,"featured_media":0,"parent":0,"menu_order":0,"comment_status":"closed","ping_status":"closed","template":"","meta":{"_acf_changed":false,"_tec_requires_first_save":true,"_trash_the_other_posts":false,"advanced_seo_description":"","jetpack_seo_html_title":"","jetpack_seo_noindex":false,"_EventAllDay":false,"_EventTimezone":"","_EventStartDate":"","_EventEndDate":"","_EventStartDateUTC":"","_EventEndDateUTC":"","_EventShowMap":false,"_EventShowMapLink":false,"_EventURL":"","_EventCost":"","_EventCostDescription":"","_EventCurrencySymbol":"","_EventCurrencyCode":"","_EventCurrencyPosition":"","_EventDateTimeSeparator":"","_EventTimeRangeSeparator":"","_EventOrganizerID":[],"_EventVenueID":[],"_OrganizerEmail":"","_OrganizerPhone":"","_OrganizerWebsite":"","_VenueAddress":"","_VenueCity":"","_VenueCountry":"","_VenueProvince":"","_VenueState":"","_VenueZip":"","_VenuePhone":"","_VenueURL":"","_VenueStateProvince":"","_VenueLat":"","_VenueLng":"","_VenueShowMap":false,"_VenueShowMapLink":false,"_tribe_blocks_recurrence_rules":"","_tribe_blocks_recurrence_description":"","_tribe_blocks_recurrence_exclusions":"","editor_notices":[],"footnotes":""},"class_list":["post-49","page","type-page","status-publish","hentry"],"acf":[],"jetpack_sharing_enabled":true,"_links":{"self":[{"href":"https:\/\/rainbowregistered.com\/fr\/wp-json\/wp\/v2\/pages\/49","targetHints":{"allow":["GET"]}}],"collection":[{"href":"https:\/\/rainbowregistered.com\/fr\/wp-json\/wp\/v2\/pages"}],"about":[{"href":"https:\/\/rainbowregistered.com\/fr\/wp-json\/wp\/v2\/types\/page"}],"author":[{"embeddable":true,"href":"https:\/\/rainbowregistered.com\/fr\/wp-json\/wp\/v2\/users\/1"}],"replies":[{"embeddable":true,"href":"https:\/\/rainbowregistered.com\/fr\/wp-json\/wp\/v2\/comments?post=49"}],"version-history":[{"count":2,"href":"https:\/\/rainbowregistered.com\/fr\/wp-json\/wp\/v2\/pages\/49\/revisions"}],"predecessor-version":[{"id":406,"href":"https:\/\/rainbowregistered.com\/fr\/wp-json\/wp\/v2\/pages\/49\/revisions\/406"}],"wp:attachment":[{"href":"https:\/\/rainbowregistered.com\/fr\/wp-json\/wp\/v2\/media?parent=49"}],"curies":[{"name":"wp","href":"https:\/\/api.w.org\/{rel}","templated":true}]}}