{"id":53,"date":"2025-12-10T15:13:18","date_gmt":"2025-12-10T20:13:18","guid":{"rendered":"https:\/\/queerchamber.ca\/rr-live\/?page_id=53"},"modified":"2026-01-26T14:52:01","modified_gmt":"2026-01-26T19:52:01","slug":"inscrivez-vous","status":"publish","type":"page","link":"https:\/\/rainbowregistered.com\/fr\/inscrivez-vous\/","title":{"rendered":"Inscrivez-vous"},"content":{"rendered":"\n<div class=\"wp-block-group alignfull has-white-color has-primary-white-gradient-background has-text-color has-background has-link-color wp-elements-c410aae6b781960f0e575ecc7bfb40cd has-global-padding is-layout-constrained wp-block-group-is-layout-constrained\" style=\"padding-top:var(--wp--preset--spacing--large);padding-bottom:var(--wp--preset--spacing--large)\">\n<div class=\"wp-block-columns alignwide is-layout-flex wp-container-core-columns-is-layout-9c22b1e3 wp-block-columns-is-layout-flex\">\n<div class=\"wp-block-column is-layout-flow wp-block-column-is-layout-flow\" style=\"flex-basis:40%\">\n<h1 class=\"wp-block-heading has-x-large-font-size\"><strong><strong>C\u2019est le moment de devenir Rainbow Registered<\/strong><\/strong><\/h1>\n\n\n\n<figure class=\"wp-block-image size-full is-style-rounded-top-right is-style-rounded-top-right--1\"><img loading=\"lazy\" decoding=\"async\" width=\"2560\" height=\"1707\" src=\"https:\/\/rainbowregistered.com\/fr\/wp-content\/uploads\/sites\/2\/sites\/9\/2026\/01\/vecteezy_asian-lady-with-rainbow-flag-heart-symbol-of-lgbt-pride_8508698_136-scaled.jpg\" alt=\"\" class=\"wp-image-631\" srcset=\"https:\/\/rainbowregistered.com\/fr\/wp-content\/uploads\/sites\/2\/sites\/9\/2026\/01\/vecteezy_asian-lady-with-rainbow-flag-heart-symbol-of-lgbt-pride_8508698_136-scaled.jpg 2560w, https:\/\/rainbowregistered.com\/fr\/wp-content\/uploads\/sites\/2\/sites\/9\/2026\/01\/vecteezy_asian-lady-with-rainbow-flag-heart-symbol-of-lgbt-pride_8508698_136-640x427.jpg 640w, https:\/\/rainbowregistered.com\/fr\/wp-content\/uploads\/sites\/2\/sites\/9\/2026\/01\/vecteezy_asian-lady-with-rainbow-flag-heart-symbol-of-lgbt-pride_8508698_136-1280x853.jpg 1280w, https:\/\/rainbowregistered.com\/fr\/wp-content\/uploads\/sites\/2\/sites\/9\/2026\/01\/vecteezy_asian-lady-with-rainbow-flag-heart-symbol-of-lgbt-pride_8508698_136-768x512.jpg 768w, https:\/\/rainbowregistered.com\/fr\/wp-content\/uploads\/sites\/2\/sites\/9\/2026\/01\/vecteezy_asian-lady-with-rainbow-flag-heart-symbol-of-lgbt-pride_8508698_136-1536x1024.jpg 1536w, https:\/\/rainbowregistered.com\/fr\/wp-content\/uploads\/sites\/2\/sites\/9\/2026\/01\/vecteezy_asian-lady-with-rainbow-flag-heart-symbol-of-lgbt-pride_8508698_136-2048x1365.jpg 2048w\" sizes=\"auto, (max-width: 2560px) 100vw, 2560px\" \/><\/figure>\n<\/div>\n\n\n\n<div class=\"wp-block-column is-vertically-aligned-top is-layout-flow wp-block-column-is-layout-flow\" style=\"padding-top:var(--wp--preset--spacing--small);padding-right:var(--wp--preset--spacing--large);padding-bottom:var(--wp--preset--spacing--small);padding-left:var(--wp--preset--spacing--large);flex-basis:66.66%\">\n<figure class=\"wp-block-image size-full is-style-rounded-top-left is-style-rounded-top-left--2\"><img loading=\"lazy\" decoding=\"async\" width=\"1769\" height=\"710\" src=\"https:\/\/rainbowregistered.com\/fr\/wp-content\/uploads\/sites\/2\/sites\/9\/2026\/01\/White_RainbowRegistered_Logo.png\" alt=\"\" class=\"wp-image-633\" srcset=\"https:\/\/rainbowregistered.com\/fr\/wp-content\/uploads\/sites\/2\/sites\/9\/2026\/01\/White_RainbowRegistered_Logo.png 1769w, https:\/\/rainbowregistered.com\/fr\/wp-content\/uploads\/sites\/2\/sites\/9\/2026\/01\/White_RainbowRegistered_Logo-640x257.png 640w, https:\/\/rainbowregistered.com\/fr\/wp-content\/uploads\/sites\/2\/sites\/9\/2026\/01\/White_RainbowRegistered_Logo-1280x514.png 1280w, https:\/\/rainbowregistered.com\/fr\/wp-content\/uploads\/sites\/2\/sites\/9\/2026\/01\/White_RainbowRegistered_Logo-768x308.png 768w, https:\/\/rainbowregistered.com\/fr\/wp-content\/uploads\/sites\/2\/sites\/9\/2026\/01\/White_RainbowRegistered_Logo-1536x616.png 1536w\" sizes=\"auto, (max-width: 1769px) 100vw, 1769px\" \/><\/figure>\n\n\n\n<p>Non seulement avoir des politiques favorables aux 2ELGBTQI+ dans votre entreprise est la bonne chose \u00e0 faire, mais c\u2019est aussi b\u00e9n\u00e9fique pour les entreprises. En tant qu\u2019entreprise accr\u00e9dit\u00e9e, vous serez associ\u00e9 \u00e0 la prestigieuse d\u00e9signation Rainbow Registered et pourrez vous assurer d\u2019\u00eatre pr\u00eat sur le march\u00e9 pour les clients 2ELGBTQI+.<\/p>\n<\/div>\n<\/div>\n<\/div>\n\n\n\n<div style=\"height:40px\" aria-hidden=\"true\" class=\"wp-block-spacer\"><\/div>\n\n\n\n<div class=\"wp-block-group alignwide has-global-padding is-layout-constrained wp-block-group-is-layout-constrained\">\n<h2 class=\"wp-block-heading has-text-align-center\"><strong>Pourquoi s\u2019inscrire ?<\/strong><\/h2>\n\n\n\n<p class=\"has-text-align-center\">L\u2019accr\u00e9ditation Rainbow Registered et sa marque reconnaissable aident les clients, clients, partenaires et futurs employ\u00e9s \u00e0 identifier des entreprises et organisations favorables au 2ELGBTQI+. Cela vous permet de d\u00e9montrer votre engagement \u00e0 offrir une exp\u00e9rience accueillante et inclusive et vous aidera \u00e0 rencontrer ceux qui partagent vos valeurs.<\/p>\n\n\n\n<div class=\"wp-block-columns alignwide is-layout-flex wp-container-core-columns-is-layout-28f84493 wp-block-columns-is-layout-flex\">\n<div class=\"wp-block-column has-white-color has-primary-background-color has-text-color has-background has-link-color wp-elements-adf49c32a3bef74f924f8b1cdc7c29ec is-layout-flow wp-block-column-is-layout-flow\" style=\"border-radius:50px;padding-top:var(--wp--preset--spacing--medium);padding-right:var(--wp--preset--spacing--medium);padding-bottom:var(--wp--preset--spacing--medium);padding-left:var(--wp--preset--spacing--medium)\">\n<figure class=\"wp-block-image aligncenter size-full\"><img decoding=\"async\" src=\"https:\/\/dev-rainbow-registered.pantheonsite.io\/wp-content\/uploads\/2025\/08\/rr_logo_white.png\" alt=\"\" class=\"wp-image-16751\" \/><\/figure>\n\n\n\n<p class=\"has-text-align-center\"><strong>Renforcez votre lien avec la client\u00e8le de 2ELGBTQI+.<\/strong><\/p>\n<\/div>\n\n\n\n<div class=\"wp-block-column has-white-color has-secondary-background-color has-text-color has-background has-link-color wp-elements-54ced0ecd15756315510f559a4719388 is-layout-flow wp-block-column-is-layout-flow\" style=\"border-radius:50px;padding-top:var(--wp--preset--spacing--medium);padding-right:var(--wp--preset--spacing--medium);padding-bottom:var(--wp--preset--spacing--medium);padding-left:var(--wp--preset--spacing--medium)\">\n<figure class=\"wp-block-image aligncenter size-full\"><img decoding=\"async\" src=\"https:\/\/dev-rainbow-registered.pantheonsite.io\/wp-content\/uploads\/2025\/08\/rr_logo_white.png\" alt=\"\" class=\"wp-image-16751\" \/><\/figure>\n\n\n\n<p class=\"has-text-align-center\"><strong><strong>Inscrivez-vous dans notre annuaire national et utilisez le logo Rainbow Registered dans votre marketing.<\/strong><\/strong><\/p>\n<\/div>\n\n\n\n<div class=\"wp-block-column has-white-color has-custom-red-background-color has-text-color has-background has-link-color wp-elements-eca65de13b642677510957082027dd90 is-layout-flow wp-block-column-is-layout-flow\" style=\"border-radius:50px;padding-top:var(--wp--preset--spacing--medium);padding-right:var(--wp--preset--spacing--medium);padding-bottom:var(--wp--preset--spacing--medium);padding-left:var(--wp--preset--spacing--medium)\">\n<figure class=\"wp-block-image aligncenter size-full\"><img decoding=\"async\" src=\"https:\/\/dev-rainbow-registered.pantheonsite.io\/wp-content\/uploads\/2025\/08\/rr_logo_white.png\" alt=\"\" class=\"wp-image-16751\" \/><\/figure>\n\n\n\n<p class=\"has-text-align-center\"><strong><strong><strong>Acc\u00e9dez aux avantages nationaux des membres associ\u00e9s de CCQC.<\/strong><\/strong><\/strong><\/p>\n<\/div>\n\n\n\n<div class=\"wp-block-column has-white-color has-custom-orange-background-color has-text-color has-background has-link-color wp-elements-e1c092da86712b4e2cfe15f21ed2e4bf is-layout-flow wp-block-column-is-layout-flow\" style=\"border-radius:50px;padding-top:var(--wp--preset--spacing--medium);padding-right:var(--wp--preset--spacing--medium);padding-bottom:var(--wp--preset--spacing--medium);padding-left:var(--wp--preset--spacing--medium)\">\n<figure class=\"wp-block-image aligncenter size-full\"><img decoding=\"async\" src=\"https:\/\/dev-rainbow-registered.pantheonsite.io\/wp-content\/uploads\/2025\/08\/rr_logo_white.png\" alt=\"\" class=\"wp-image-16751\" \/><\/figure>\n\n\n\n<p class=\"has-text-align-center\"><strong><strong><strong><strong>Recevez des invitations \u00e0 des \u00e9v\u00e9nements exclusifs et des opportunit\u00e9s de r\u00e9seautage.<\/strong><\/strong><\/strong><\/strong><\/p>\n<\/div>\n<\/div>\n<\/div>\n\n\n\n<div style=\"height:60px\" aria-hidden=\"true\" class=\"wp-block-spacer\"><\/div>\n\n\n\n<div class=\"wp-block-group alignwide has-global-padding is-layout-constrained wp-block-group-is-layout-constrained\">\n<h2 class=\"wp-block-heading has-text-align-center\"><strong><strong>Processus d\u2019accr\u00e9ditation<\/strong><\/strong><\/h2>\n\n\n\n<p class=\"has-text-align-center\">Ce processus aidera votre entreprise \u00e0 identifier les domaines d\u2019am\u00e9lioration et, si vous n\u2019\u00eates pas encore en mesure d\u2019obtenir l\u2019accr\u00e9ditation, il vous aidera \u00e0 \u00e9laborer un plan pour vous assurer de pouvoir le faire dans un avenir proche.<\/p>\n\n\n\n<div class=\"wp-block-umbrellas-accordions\" data-allow-multiple=\"false\">\n<div class=\"wp-block-umbrellas-accordion-item\" data-initially-open=\"false\"><div class=\"accordion-header\" role=\"button\" aria-expanded=\"false\"><h3 class=\"accordion-title\">\u00c9tape 1 : Examiner les exigences du programme<\/h3><span class=\"accordion-icon\" aria-hidden=\"true\">+<\/span><\/div><div class=\"accordion-content\" aria-hidden=\"true\"><div class=\"accordion-content-inner\"><p>Veuillez prendre quelques instants pour vous familiariser avec le\u00a0<a href=\"https:\/\/canadaglcc.sharepoint.com\/:b:\/s\/externalsharing\/IQBNy30s3V3ZSpKy7XOdem9TAUsw7k4pdGSet64c6zgkCHg?e=lcKuNB\" target=\"_blank\" rel=\"noreferrer noopener\">guide de candidature au programme, \u00e9tape par \u00e9tape.<\/a><br><strong>L&#8217;introduction d&#8217;une demande pour devenir Arc-en-Ciel Officiel ne donne pas automatiquement l&#8217;accr\u00e9ditation.<\/strong>\u00a0Une fois l&#8217;\u00e9valuation finalis\u00e9e, vous serez inform\u00e9 de la d\u00e9cision.<br><strong>Grandes entreprises et soci\u00e9t\u00e9s ayant plusieurs emplacements<\/strong> : veuillez nous contacter par courriel \u00e0 <a href=\"mailto:rainbowregistered@queerchamber.ca\">rainbowregistered@queerchamber.ca<\/a> avant de postuler afin de discuter de la structure de votre entreprise et de d\u00e9terminer l\u2019approche la plus appropri\u00e9e.<\/p><\/div><\/div><\/div>\n\n\n\n<div class=\"wp-block-umbrellas-accordion-item\" data-initially-open=\"false\"><div class=\"accordion-header\" role=\"button\" aria-expanded=\"false\"><h3 class=\"accordion-title\">\u00c9tape 2 : Commencez votre demande<\/h3><span class=\"accordion-icon\" aria-hidden=\"true\">+<\/span><\/div><div class=\"accordion-content\" aria-hidden=\"true\"><div class=\"accordion-content-inner\"><p>Commencez la proc\u00e9dure ci-dessous dans la section &#8220;<em>Postuler maintenant<\/em>&#8221; en s\u00e9lectionnant la taille de votre entreprise\/organisation. Toutes les informations fournies sont confidentielles et les candidats recevront une notification confirmant la r\u00e9ception de leur formulaire de candidature et de leur paiement.<br><\/p><p><strong>Noter :<br><\/strong>Tous les frais de dossier ne sont pas remboursables.<br>Les frais sont bas\u00e9s sur une seule \u00e9valuation fonci\u00e8re \/ commerciale. Les emplacements suppl\u00e9mentaires devront payer des frais de participation et n\u00e9cessiteront l\u2019approbation d\u2019un \u00e9valuateur.<br>L&#8217;<strong>accr\u00e9ditation est valable pour une dur\u00e9e maximale de trois (3) ans<\/strong>\u00a0et une cotisation annuelle est automatiquement d\u00e9bit\u00e9e de la carte de cr\u00e9dit figurant dans le dossier. Une \u00e9valuation de r\u00e9accr\u00e9ditation doit ensuite \u00eatre effectu\u00e9e tous les trois ans pour maintenir votre statut dans le programme.<br>Si vous disposez d&#8217;un coupon ou d&#8217;un code promotionnel, vous pouvez le saisir dans la section &#8220;Vous avez un coupon ?&#8221; de l&#8217;application, juste au-dessus de la section &#8220;Informations sur la carte de cr\u00e9dit&#8221;.<\/p><p><\/p><\/div><\/div><\/div>\n\n\n\n<div class=\"wp-block-umbrellas-accordion-item\" data-initially-open=\"false\"><div class=\"accordion-header\" role=\"button\" aria-expanded=\"false\"><h3 class=\"accordion-title\">\u00c9tape 3 : Phase d&#8217;\u00e9valuation<\/h3><span class=\"accordion-icon\" aria-hidden=\"true\">+<\/span><\/div><div class=\"accordion-content\" aria-hidden=\"true\"><div class=\"accordion-content-inner\"><p>Une fois votre inscription termin\u00e9e, vous recevrez une invitation \u00e0 acc\u00e9der \u00e0 la plateforme de candidature pour soumettre vos preuves. Une fois l&#8217;op\u00e9ration termin\u00e9e, un \u00e9valuateur sera affect\u00e9 \u00e0 votre dossier et prendra contact avec vous.<br>L&#8217;<strong>\u00a0\u00e9valuation doit \u00eatre r\u00e9alis\u00e9e dans un d\u00e9lai d&#8217;un (1) an \u00e0 compter de l&#8217;introduction de la demande<\/strong>. Si ce d\u00e9lai est d\u00e9pass\u00e9, votre demande sera consid\u00e9r\u00e9e comme abandonn\u00e9e et vous devrez soumettre une nouvelle demande et un nouveau paiement pour une nouvelle \u00e9valuation.<\/p><\/div><\/div><\/div>\n\n\n\n<div class=\"wp-block-umbrellas-accordion-item\" data-initially-open=\"false\"><div class=\"accordion-header\" role=\"button\" aria-expanded=\"false\"><h3 class=\"accordion-title\">\u00c9tape 4 : Rapport finalis\u00e9 et prochaines \u00e9tapes<\/h3><span class=\"accordion-icon\" aria-hidden=\"true\">+<\/span><\/div><div class=\"accordion-content\" aria-hidden=\"true\"><div class=\"accordion-content-inner\"><p>La CCQC informera les candidats de la d\u00e9cision et leur indiquera les prochaines \u00e9tapes. Les candidats retenus qui satisfont aux exigences du programme d&#8217;accr\u00e9ditation Arc-en-Ciel Officiel recevront un courriel contenant leur rapport d&#8217;\u00e9valuation finalis\u00e9 pour examen et conservation.<br>Les candidats qui ne satisfont pas aux normes d&#8217;accr\u00e9ditation recevront un rapport contenant des commentaires sur les lacunes \u00e9ventuelles, ainsi que des recommandations d&#8217;am\u00e9lioration. Ils auront jusqu&#8217;\u00e0 un an pour combler ces lacunes et se soumettre \u00e0 une r\u00e9\u00e9valuation s&#8217;ils le souhaitent.<\/p><\/div><\/div><\/div>\n<\/div>\n\n\n\n<div data-wp-context=\"{ &quot;autoclose&quot;: false, &quot;accordionItems&quot;: [] }\" data-wp-interactive=\"core\/accordion\" role=\"group\" class=\"wp-block-accordion is-layout-flow wp-block-accordion-is-layout-flow\">\n<div data-wp-class--is-open=\"state.isOpen\" data-wp-context=\"{ &quot;id&quot;: &quot;accordion-item-3&quot;, &quot;openByDefault&quot;: false }\" data-wp-init=\"callbacks.initAccordionItems\" data-wp-on-window--hashchange=\"callbacks.hashChange\" class=\"wp-block-accordion-item is-layout-flow wp-block-accordion-item-is-layout-flow\">\n<h3 class=\"wp-block-accordion-heading\"><button aria-expanded=\"false\" aria-controls=\"accordion-item-3-panel\" data-wp-bind--aria-expanded=\"state.isOpen\" data-wp-on--click=\"actions.toggle\" data-wp-on--keydown=\"actions.handleKeyDown\" id=\"accordion-item-3\" class=\"wp-block-accordion-heading__toggle\"><span class=\"wp-block-accordion-heading__toggle-title\"><\/span><span class=\"wp-block-accordion-heading__toggle-icon\" aria-hidden=\"true\">+<\/span><\/button><\/h3>\n\n\n\n<div inert aria-labelledby=\"accordion-item-3\" data-wp-bind--inert=\"!state.isOpen\" id=\"accordion-item-3-panel\" role=\"region\" class=\"wp-block-accordion-panel is-layout-flow wp-block-accordion-panel-is-layout-flow\">\n<p><\/p>\n<\/div>\n<\/div>\n<\/div>\n<\/div>\n\n\n\n<div class=\"wp-block-buttons is-content-justification-center is-layout-flex wp-container-core-buttons-is-layout-1b96fe8b wp-block-buttons-is-layout-flex\" style=\"margin-top:var(--wp--preset--spacing--medium);margin-bottom:var(--wp--preset--spacing--medium)\">\n<div class=\"wp-block-button\"><a class=\"wp-block-button__link has-primary-white-gradient-background has-background has-medium-font-size has-text-align-center has-custom-font-size wp-element-button\" href=\"https:\/\/queerchamber.ca\/programs\/rainbow-registered\/\" style=\"padding-top:var(--wp--preset--spacing--small);padding-right:var(--wp--preset--spacing--large);padding-bottom:var(--wp--preset--spacing--small);padding-left:var(--wp--preset--spacing--large)\" target=\"_blank\" rel=\"noreferrer noopener\">Postulez maintenant !<\/a><\/div>\n<\/div>\n\n\n\n<div style=\"height:40px\" aria-hidden=\"true\" class=\"wp-block-spacer\"><\/div>\n\n\n\n<div class=\"wp-block-group alignfull has-white-color has-primary-white-gradient-background has-text-color has-background has-link-color wp-elements-124b62cbe9699214dc77d2c5e0351364 has-global-padding is-layout-constrained wp-container-core-group-is-layout-4b992c52 wp-block-group-is-layout-constrained\" style=\"padding-top:var(--wp--preset--spacing--large);padding-right:var(--wp--preset--spacing--medium);padding-bottom:var(--wp--preset--spacing--large);padding-left:var(--wp--preset--spacing--medium)\">\n<h2 class=\"wp-block-heading has-text-align-center\"><strong><strong><strong>Tarification des applications<\/strong><\/strong><\/strong><\/h2>\n\n\n\n<figure class=\"wp-block-table is-style-regular\"><table class=\"has-border-color has-fixed-layout\" style=\"border-color:#ffffff59;border-width:1px\"><thead><tr><th>Type d\u2019entreprise<\/th><th>Effectif total<\/th><th>Frais de demande<\/th><\/tr><\/thead><tbody><tr><td>Petite entreprise<\/td><td>10 employ\u00e9s ou moins<\/td><td>299 $ + taxes<\/td><\/tr><tr><td>Entreprise moyenne (incluant associations, agences et associations)<\/td><td>Employ\u00e9s 11-99<\/td><td>599 $ + taxes<\/td><\/tr><tr><td>Grande entreprise (d\u00e9finie comme op\u00e9rant sous une seule \u00e9quipe de direction en un seul endroit)<\/td><td>100+ employ\u00e9s<\/td><td>799 $ + taxes<\/td><\/tr><tr><td>Corporation (avec plusieurs sites\/bureaux et\/ou \u00e9quipes de direction)<\/td><td>100+ employ\u00e9s<\/td><td>\u00c0 discuter<\/td><\/tr><\/tbody><\/table><\/figure>\n<\/div>\n\n\n\n<div style=\"height:20px\" aria-hidden=\"true\" class=\"wp-block-spacer\"><\/div>\n\n\n\n<h2 class=\"wp-block-heading\"><strong>Vous avez des questions ? Contacte<\/strong>z-nous!<\/h2>\n\n\n\n<p>Si vous \u00eates une entreprise souhaitant obtenir l\u2019accr\u00e9ditation l\u2019Arc-en-ciel Officiel, <a href=\"https:\/\/queerchamber.ca\/fr\/arc-en-ciel-officiel\/\" data-type=\"link\" data-id=\"https:\/\/queerchamber.ca\/programs\/rainbow-registered\/\">inscrivez-vous<\/a> ou contactez-nous aujourd&#8217;hui !<br><br><a href=\"rainbowregistered@queerchamber.ca\">rainbowregistered@queerchamber.ca<br><\/a><a href=\"https:\/\/www.google.com\/search?q=cqcc&amp;oq=cqcc&amp;gs_lcrp=EgZjaHJvbWUqDAgAECMYJxiABBiKBTIMCAAQIxgnGIAEGIoFMgYIARBFGDwyBwgCEC4YgAQyBggDEEUYPTIGCAQQRRg8MgYIBRBFGDwyBggGEEUYPDIGCAcQRRg80gEIMjU1MmowajeoAgCwAgA&amp;sourceid=chrome&amp;ie=UTF-8#\">(416) 761-5151<\/a><\/p>\n\n\n\n<p>Pour les demandes des grandes entreprises (grandes soci\u00e9t\u00e9s ou entreprises avec plusieurs emplacements), veuillez nous contacter ou prendre rendez-vous.<\/p>\n\n\n\n<div class=\"wp-block-buttons is-content-justification-left is-layout-flex wp-container-core-buttons-is-layout-fc4fd283 wp-block-buttons-is-layout-flex\">\n<div class=\"wp-block-button\"><a class=\"wp-block-button__link has-custom-red-background-color has-background wp-element-button\" href=\"https:\/\/outlook.office.com\/book\/MeetwithRainbowRegistered@queerchamber.ca\/?ismsaljsauthenabled\" style=\"text-transform:uppercase\">prendre rendez-vous<\/a><\/div>\n<\/div>\n\n\n\n<p><\/p>\n","protected":false},"excerpt":{"rendered":"<p>C\u2019est le moment de devenir Rainbow Registered : non seulement avoir des politiques favorables au 2SLGBTQI+ dans votre entreprise est la bonne chose \u00e0 faire, mais c\u2019est aussi b\u00e9n\u00e9fique pour les affaires. En tant qu\u2019entreprise accr\u00e9dit\u00e9e, vous serez associ\u00e9 \u00e0 la prestigieuse d\u00e9signation Rainbow Registered et pourrez vous assurer d\u2019\u00eatre pr\u00eat sur le march\u00e9 pour les clients 2SLGBTQI+. Pourquoi s\u2019inscrire ? L\u2019accr\u00e9ditation Rainbow Registered et sa marque reconnaissable aident les clients, clients, partenaires et futurs employ\u00e9s \u00e0 identifier des entreprises et organisations favorables au 2SLGBTQI+. Cela vous permet de d\u00e9montrer votre engagement \u00e0 offrir une exp\u00e9rience accueillante et inclusive et vous aidera \u00e0 rencontrer ceux qui partagent vos valeurs. Renforcez votre connexion [&#8230;]<\/p>\n","protected":false},"author":1,"featured_media":0,"parent":0,"menu_order":0,"comment_status":"closed","ping_status":"closed","template":"","meta":{"_acf_changed":false,"_tec_requires_first_save":true,"_trash_the_other_posts":false,"advanced_seo_description":"","jetpack_seo_html_title":"","jetpack_seo_noindex":false,"_EventAllDay":false,"_EventTimezone":"","_EventStartDate":"","_EventEndDate":"","_EventStartDateUTC":"","_EventEndDateUTC":"","_EventShowMap":false,"_EventShowMapLink":false,"_EventURL":"","_EventCost":"","_EventCostDescription":"","_EventCurrencySymbol":"","_EventCurrencyCode":"","_EventCurrencyPosition":"","_EventDateTimeSeparator":"","_EventTimeRangeSeparator":"","_EventOrganizerID":[],"_EventVenueID":[],"_OrganizerEmail":"","_OrganizerPhone":"","_OrganizerWebsite":"","_VenueAddress":"","_VenueCity":"","_VenueCountry":"","_VenueProvince":"","_VenueState":"","_VenueZip":"","_VenuePhone":"","_VenueURL":"","_VenueStateProvince":"","_VenueLat":"","_VenueLng":"","_VenueShowMap":false,"_VenueShowMapLink":false,"_tribe_blocks_recurrence_rules":"","_tribe_blocks_recurrence_description":"","_tribe_blocks_recurrence_exclusions":"","editor_notices":[],"footnotes":""},"class_list":["post-53","page","type-page","status-publish","hentry"],"acf":[],"jetpack_sharing_enabled":true,"_links":{"self":[{"href":"https:\/\/rainbowregistered.com\/fr\/wp-json\/wp\/v2\/pages\/53","targetHints":{"allow":["GET"]}}],"collection":[{"href":"https:\/\/rainbowregistered.com\/fr\/wp-json\/wp\/v2\/pages"}],"about":[{"href":"https:\/\/rainbowregistered.com\/fr\/wp-json\/wp\/v2\/types\/page"}],"author":[{"embeddable":true,"href":"https:\/\/rainbowregistered.com\/fr\/wp-json\/wp\/v2\/users\/1"}],"replies":[{"embeddable":true,"href":"https:\/\/rainbowregistered.com\/fr\/wp-json\/wp\/v2\/comments?post=53"}],"version-history":[{"count":13,"href":"https:\/\/rainbowregistered.com\/fr\/wp-json\/wp\/v2\/pages\/53\/revisions"}],"predecessor-version":[{"id":669,"href":"https:\/\/rainbowregistered.com\/fr\/wp-json\/wp\/v2\/pages\/53\/revisions\/669"}],"wp:attachment":[{"href":"https:\/\/rainbowregistered.com\/fr\/wp-json\/wp\/v2\/media?parent=53"}],"curies":[{"name":"wp","href":"https:\/\/api.w.org\/{rel}","templated":true}]}}