{"id":54,"date":"2025-12-10T15:13:31","date_gmt":"2025-12-10T20:13:31","guid":{"rendered":"https:\/\/queerchamber.ca\/rr-live\/?page_id=54"},"modified":"2026-01-13T15:42:59","modified_gmt":"2026-01-13T20:42:59","slug":"politique-de-confidentialite","status":"publish","type":"page","link":"https:\/\/rainbowregistered.com\/fr\/politique-de-confidentialite\/","title":{"rendered":"Politique de confidentialit\u00e9"},"content":{"rendered":"\n<div class=\"wp-block-group mdpadding is-layout-flow wp-block-group-is-layout-flow\">\n<h1 class=\"wp-block-heading\">Politique de confidentialit\u00e9<\/h1>\n\n\n\n<p>Votre vie priv\u00e9e est importante pour nous. La politique de Arc-en-ciel Officiel est de respecter votre vie priv\u00e9e concernant toute information que nous pourrions recueillir aupr\u00e8s de vous sur notre site web, [site web] et d\u2019autres sites que nous poss\u00e9dons et exploitons.<\/p>\n\n\n\n<h3 class=\"wp-block-heading\">1. Les informations que nous collectons<\/h3>\n\n\n\n<h4 class=\"wp-block-heading\">Donn\u00e9es journali\u00e8res<\/h4>\n\n\n\n<p>Lorsque vous visitez notre site web, nos serveurs peuvent automatiquement enregistrer les \nDonn\u00e9es standard fournies par votre navigateur web. Cela peut inclure votre \nl\u2019adresse IP de l\u2019ordinateur, le type de navigateur et \nversion, les pages que vous visitez, l\u2019heure et la date de votre visite, l\u2019heure \nPass\u00e9 sur chaque page, et d\u2019autres d\u00e9tails.<\/p>\n\n\n\n<h4 class=\"wp-block-heading\">Donn\u00e9es de l\u2019appareil<\/h4>\n\n\n\n<p>Nous pouvons \u00e9galement collecter des donn\u00e9es sur l\u2019appareil que vous utilisez pour acc\u00e9der \u00e0 notre \nsite internet. Ces donn\u00e9es peuvent inclure le type d\u2019appareil, le syst\u00e8me d\u2019exploitation, l\u2019unique\n identifiants d\u2019appareil, param\u00e8tres d\u2019appareil et donn\u00e9es de g\u00e9olocalisation. Ce que nous \nCollect peut d\u00e9pendre des r\u00e9glages individuels de votre appareil et \nlogiciel. Nous recommandons de v\u00e9rifier les politiques du fabricant de votre appareil\n ou fournisseur de logiciels pour savoir quelles informations ils mettent \u00e0 disposition \nnous.<\/p>\n\n\n\n<h4 class=\"wp-block-heading\">Informations personnelles<\/h4>\n\n\n\n<p>Nous pouvons vous demander des informations personnelles, telles que vos :<\/p>\n\n\n\n<ul class=\"wp-block-list\">\n<li>Nom<\/li>\n\n\n\n<li>Messagerie \u00e9lectronique<\/li>\n\n\n\n<li>Profils sur les r\u00e9seaux sociaux<\/li>\n\n\n\n<li>Date de naissance<\/li>\n\n\n\n<li>Num\u00e9ro de t\u00e9l\u00e9phone\/portable<\/li>\n\n\n\n<li>Domicile\/Adresse postale<\/li>\n\n\n\n<li>Adresse de travail<\/li>\n\n\n\n<li>Adresse du site web<\/li>\n\n\n\n<li>Informations de paiement<\/li>\n<\/ul>\n\n\n\n<h3 class=\"wp-block-heading\">2. Bases juridiques pour le traitement<\/h3>\n\n\n\n<p>Nous traiterons vos informations personnelles de mani\u00e8re l\u00e9gale, \u00e9quitable et de mani\u00e8re \nTransparence. Nous collectons et traitons uniquement des informations \u00e0 votre sujet \no\u00f9 nous avons des bases l\u00e9gales pour le faire.<\/p>\n\n\n\n<p>Ces bases juridiques d\u00e9pendent des services que vous utilisez et de la mani\u00e8re dont vous les employez, ce qui signifie que nous collectons et utilisons vos informations uniquement lorsque :<\/p>\n\n\n\n<ul class=\"wp-block-list\">\n<li>Elle est n\u00e9cessaire pour l\u2019ex\u00e9cution d\u2019un contrat auquel vous \u00eates un <br>ou de prendre des mesures \u00e0 votre demande avant d\u2019entrer dans un tel <br>un contrat (par exemple, lorsque nous fournissons un service que vous nous demandez) ;<\/li>\n\n\n\n<li>Cela satisfait un int\u00e9r\u00eat l\u00e9gitime (qui n\u2019est pas outrepass\u00e9 par votre <br>int\u00e9r\u00eats en mati\u00e8re de protection des donn\u00e9es), tels que pour la recherche et le d\u00e9veloppement, \u00e0 <br>promouvoir et promouvoir nos services, et prot\u00e9ger nos droits l\u00e9gaux et <br>int\u00e9r\u00eats ;<\/li>\n\n\n\n<li>Vous nous donnez votre consentement pour un objectif pr\u00e9cis (par exemple, vous pourriez accepter que nous vous envoyions notre newsletter) ; ou<\/li>\n\n\n\n<li>Nous devons traiter vos donn\u00e9es pour respecter une obligation l\u00e9gale.<\/li>\n<\/ul>\n\n\n\n<p>Lorsque vous consentez \u00e0 l\u2019utilisation d\u2019informations vous concernant pour un site sp\u00e9cifique \nIntention, vous avez le droit de changer d\u2019avis \u00e0 tout moment (mais ceci \nn\u2019affectera aucun traitement d\u00e9j\u00e0 effectu\u00e9).<\/p>\n\n\n\n<p>Nous ne conservons pas les informations personnelles plus longtemps que n\u00e9cessaire. \nTant que nous conservons ces informations, nous les prot\u00e9gerons commercialement\n moyens acceptables pour pr\u00e9venir les pertes et les vols, ainsi que les moyens non autoris\u00e9s \nacc\u00e8s, divulgation, copie, utilisation ou modification. Cela dit, nous vous conseillons \nqu\u2019aucun moyen de transmission ou de stockage \u00e9lectronique n\u2019est 100 % s\u00e9curis\u00e9 et \nNe peut garantir une s\u00e9curit\u00e9 absolue des donn\u00e9es. Si n\u00e9cessaire, nous pouvons conserver \nvos informations personnelles pour notre conformit\u00e9 \u00e0 une obligation l\u00e9gale ou \nafin de prot\u00e9ger vos int\u00e9r\u00eats vitaux ou les int\u00e9r\u00eats vitaux de \nUne autre personne naturelle.<\/p>\n\n\n\n<h3 class=\"wp-block-heading\">3. Collecte et utilisation des informations<\/h3>\n\n\n\n<p>Nous pouvons collecter, d\u00e9tenir, utiliser et divulguer des informations pour les raisons suivantes \nLes finalit\u00e9s et informations personnelles ne seront pas trait\u00e9es davantage dans un \nUne mani\u00e8re incompatible avec ces objectifs :<\/p>\n\n\n\n<ul class=\"wp-block-list\">\n<li>traiter tout paiement transactionnel ou en cours ;<\/li>\n\n\n\n<li>de vous livrer des produits et\/ou services ;<\/li>\n\n\n\n<li>pour vous permettre d\u2019acc\u00e9der et d\u2019utiliser notre site web, les applications associ\u00e9es et les plateformes de r\u00e9seaux sociaux associ\u00e9es ;<\/li>\n\n\n\n<li>de vous contacter et de communiquer avec vous ;<\/li>\n\n\n\n<li>pour la tenue de dossiers internes et des fins administratives ;<\/li>\n\n\n\n<li>pour l\u2019analytique, la recherche de march\u00e9 et le d\u00e9veloppement commercial, notamment <br>pour exploiter et am\u00e9liorer notre site web, les applications associ\u00e9es et <br>les plateformes de r\u00e9seaux sociaux associ\u00e9es ;<\/li>\n\n\n\n<li>pour la publicit\u00e9 et le marketing, y compris pour vous envoyer des promotions <br>Informations sur nos produits et services et informations sur Third <br>des parties que nous consid\u00e9rons susceptibles de vous int\u00e9resser ; et<\/li>\n\n\n\n<li>pour respecter nos obligations l\u00e9gales et r\u00e9soudre tout litige que nous pourrions avoir.<\/li>\n<\/ul>\n\n\n\n<h3 class=\"wp-block-heading\">4. Divulgation d\u2019informations personnelles \u00e0 des tiers<\/h3>\n\n\n\n<p>Nous pouvons divulguer des informations personnelles \u00e0 :<\/p>\n\n\n\n<ul class=\"wp-block-list\">\n<li>Prestataires de services tiers dans le but de leur permettre de <br>fournir leurs services, y compris (sans limitation) le service informatique <br>fournisseurs, stockage de donn\u00e9es, h\u00e9bergement et fournisseurs de serveurs, r\u00e9seaux publicitaires, <br>Analytique, enregistreurs d\u2019erreurs, agents de recouvrement, maintenance ou <br>Fournisseurs de r\u00e9solution de probl\u00e8mes, services marketing ou publicit\u00e9, <br>des conseillers professionnels et des op\u00e9rateurs de syst\u00e8mes de paiement ;<\/li>\n\n\n\n<li>nos employ\u00e9s, entrepreneurs et\/ou entit\u00e9s associ\u00e9es ;<\/li>\n\n\n\n<li>sponsors ou promoteurs de toute comp\u00e9tition que nous organisons ;<\/li>\n\n\n\n<li>agences de cr\u00e9dit, tribunaux, tribunaux et r\u00e9gulateurs <br>Autorit\u00e9s, si vous ne payez pas pour des biens ou services que nous avons <br>qui vous est fourni ;<\/li>\n\n\n\n<li>Tiers, y compris des agents ou sous-traitants, qui nous assistent dans<br> vous fournir des informations, produits, services ou marketing direct ; <br>et<\/li>\n\n\n\n<li>des tiers pour collecter et traiter les donn\u00e9es.<\/li>\n<\/ul>\n\n\n\n<h3 class=\"wp-block-heading\">5. Transferts internationaux d\u2019informations personnelles<\/h3>\n\n\n\n<p>Les informations personnelles que nous collectons sont stock\u00e9es et trait\u00e9es dans \nCanada, ou l\u00e0 o\u00f9 nous ou nos partenaires, affili\u00e9s et tiers \nLes prestataires entretiennent des installations. En nous fournissant vos informations personnelles \ninformations, vous consentez \u00e0 la divulgation \u00e0 ces tiers \u00e9trangers \ndes f\u00eates.<\/p>\n\n\n\n<p>Nous veillerons \u00e0 ce que tout transfert d\u2019informations personnelles de \ndes pays de l\u2019Espace \u00e9conomique europ\u00e9en (EEE) vers des pays situ\u00e9s en dehors du \nL\u2019EEE sera prot\u00e9g\u00e9e par des garanties appropri\u00e9es, par exemple en utilisant \nles clauses standard de protection des donn\u00e9es approuv\u00e9es par la Commission europ\u00e9enne, ou\n l\u2019utilisation de r\u00e8gles juridiques contraignantes ou d\u2019autres moyens l\u00e9galement accept\u00e9s.<\/p>\n\n\n\n<p>Lorsque nous transf\u00e9rons des informations personnelles d\u2019un pays hors EEE vers \nUn autre pays, vous reconnaissez que des tiers dans d\u2019autres \nles juridictions ne peuvent pas \u00eatre soumises \u00e0 des lois similaires sur la protection des donn\u00e9es \u00e0 celles de la \nCeux relevant de notre juridiction. Il existe des risques si un tiers de ce type \ns\u2019engage dans tout acte ou pratique qui violerait la protection des donn\u00e9es \nlois dans notre juridiction, ce qui pourrait signifier que vous ne pourrez pas \npour demander r\u00e9paration en vertu des lois sur la vie priv\u00e9e de notre juridiction.<\/p>\n\n\n\n<h3 class=\"wp-block-heading\">6. Vos droits et le contr\u00f4le de vos informations personnelles<\/h3>\n\n\n\n<p><strong>Choix et consentement :<\/strong> En fournissant des effets personnels \ninformations \u00e0 notre \u00e9gard, vous consentez \u00e0 ce que nous collections, d\u00e9tenions, utilisions et \ndivulguer vos informations personnelles conform\u00e9ment \u00e0 cette confidentialit\u00e9 \npolitique. Si vous avez moins de 16 ans, vous devez en avoir et avoir un mandat \ndans la mesure permise par la loi pour nous, que vous avez votre parent ou un membre l\u00e9gal \nla permission du tuteur pour acc\u00e9der et utiliser le site web et ils (votre \nparents ou tuteurs) ont consenti \u00e0 ce que vous nous fourniez votre \nInformations personnelles. Vous n\u2019\u00eates pas oblig\u00e9 de fournir vos informations personnelles \u00e0\n Nous, cependant, si ce n\u2019est pas le cas, cela peut affecter votre utilisation de ce site ou \nles produits et\/ou services propos\u00e9s sur ou via celle-ci.<\/p>\n\n\n\n<p><strong>Informations provenant de tiers :<\/strong> Si nous recevons \ninformations personnelles \u00e0 votre sujet provenant d\u2019un tiers, nous les prot\u00e9gerons comme\n indiqu\u00e9 dans cette politique de confidentialit\u00e9. Si vous \u00eates un tiers fournissant \ndes informations personnelles sur quelqu\u2019un d\u2019autre, vous les repr\u00e9sentez et garantissez\n Vous avez le consentement de cette personne pour fournir les informations personnelles \u00e0 \nnous.<\/p>\n\n\n\n<p><strong>Restreindre :<\/strong> Vous pouvez choisir de restreindre la collection \nou l\u2019utilisation de vos informations personnelles. Si vous avez d\u00e9j\u00e0 accept\u00e9 de nous\n En utilisant vos informations personnelles \u00e0 des fins de marketing direct, vous pouvez \nChangez d\u2019avis \u00e0 tout moment en nous contactant via les informations ci-dessous. \nSi vous nous demandez de restreindre ou de limiter la fa\u00e7on dont nous traitons votre dossier personnel \nInformations, nous vous informerons de l\u2019impact de la restriction sur votre utilisation \nde notre site web ou de nos produits et services.<\/p>\n\n\n\n<p><strong>Acc\u00e8s et portabilit\u00e9 des donn\u00e9es :<\/strong> Vous pouvez demander des d\u00e9tails\n des informations personnelles que nous d\u00e9tenons \u00e0 votre sujet. Vous pouvez demander un \nCopie des informations personnelles que nous d\u00e9tenons \u00e0 votre sujet. Lorsque c\u2019est possible, nous \nfournira ces informations au format CSV ou dans un autre format facilement lisible \nFormat machine. Vous pouvez demander que nous effacions les informations personnelles \nNous avons tout le temps \u00e0 votre sujet. Vous pouvez \u00e9galement demander \u00e0 ce que nous ayons un transfert \nCes informations personnelles sont attribu\u00e9es \u00e0 un autre tiers.<\/p>\n\n\n\n<p><strong>Correction :<\/strong> Si vous croyez que nous avons une information \nLa chose \u00e0 votre sujet est inexacte, d\u00e9pass\u00e9e, incompl\u00e8te, hors sujet ou \ntrompeur, veuillez nous contacter via les informations ci-dessous. Nous prendrons \ndes mesures raisonnables pour corriger toute information jug\u00e9e inexacte, \nincomplet, trompeur ou d\u00e9pass\u00e9.<\/p>\n\n\n\n<p><strong>Notification des violations de donn\u00e9es :<\/strong> Nous respecterons les lois applicables \u00e0 nous en cas de violation de donn\u00e9es.<\/p>\n\n\n\n<p><strong>Plaintes :<\/strong> Si vous pensez que nous avons viol\u00e9 un \nLoi pertinente sur la protection des donn\u00e9es et souhaitez d\u00e9poser une plainte, veuillez vous plaire \nContactez-nous en utilisant les informations ci-dessous et fournissez-nous tous les d\u00e9tails de \nLa violation pr\u00e9sum\u00e9e. Nous allons enqu\u00eater rapidement sur votre plainte et \nR\u00e9pondre par \u00e9crit, en exposant le r\u00e9sultat de notre enqu\u00eate\n et les mesures que nous prendrons pour traiter votre plainte. Vous avez aussi \nle droit de contacter un organisme de r\u00e9gulation ou une autorit\u00e9 de protection des donn\u00e9es dans \nLien avec votre plainte.<\/p>\n\n\n\n<p><strong>D\u00e9sabonnement :<\/strong> Pour vous d\u00e9sabonner de notre base de donn\u00e9es e-mail\n ou la d\u00e9sinscription des communications (y compris les communications marketing), \nVeuillez nous contacter via les informations ci-dessous ou vous d\u00e9sinscrire via cette d\u00e9rogation \ndes installations fournies dans la communication.<\/p>\n\n\n\n<h3 class=\"wp-block-heading\">7. Cookies<\/h3>\n\n\n\n<p>Nous utilisons des \u00ab cookies \u00bb pour collecter des informations sur vous et votre activit\u00e9 \nsur notre site. Un cookie est un petit morceau de donn\u00e9es sur notre site web \nStocke sur votre ordinateur, et y acc\u00e9dent \u00e0 chaque visite, donc nous pouvons \nComprenez comment vous utilisez notre site. Cela nous aide \u00e0 vous proposer du contenu \nSur les pr\u00e9f\u00e9rences que vous avez sp\u00e9cifi\u00e9es. Veuillez consulter notre politique relative aux cookies pour\n Plus d\u2019informations.<\/p>\n\n\n\n<h3 class=\"wp-block-heading\">8. Transferts d\u2019entreprise<\/h3>\n\n\n\n<p>Si nous ou nos biens sommes acquis, ou dans le cas peu probable o\u00f9 nous partions\n Hors de l\u2019activit\u00e9 ou en faillite, nous inclurions des donn\u00e9es parmi les \ndes biens transf\u00e9r\u00e9s \u00e0 toutes les parties qui nous acqui\u00e8rent. Vous le reconnaissez \nde tels transferts peuvent avoir lieu, et que toute partie qui nous acquiert peut \nContinuez \u00e0 utiliser vos informations personnelles conform\u00e9ment \u00e0 cette politique.<\/p>\n\n\n\n<h3 class=\"wp-block-heading\">9. Limites de notre politique<\/h3>\n\n\n\n<p>Notre site web peut faire des liens vers des sites externes qui ne sont pas exploit\u00e9s par nous. \nVeuillez noter que nous n\u2019avons aucun contr\u00f4le sur le contenu et les politiques de\n ces sites, et ne peuvent accepter la responsabilit\u00e9 ou la responsabilit\u00e9 pour leur \nPratiques de confidentialit\u00e9 respectives.<\/p>\n\n\n\n<h3 class=\"wp-block-heading\">10. Modifications de cette politique<\/h3>\n\n\n\n<p>\u00c0 notre discr\u00e9tion, nous pouvons modifier notre politique de confidentialit\u00e9 pour la refl\u00e9ter \nPratiques actuellement acceptables. Nous prendrons des mesures raisonnables pour permettre aux utilisateurs\n Informez-vous des changements via notre site web. Votre utilisation continue de ce site \nApr\u00e8s toute modification de cette politique, cela sera consid\u00e9r\u00e9 comme une acceptation de notre \nDes pratiques concernant la vie priv\u00e9e et les informations personnelles. <\/p>\n\n\n\n<p>Si nous apportons un changement significatif \u00e0 cette politique de confidentialit\u00e9, par exemple \nChangeant une base l\u00e9gale sur laquelle nous traitons vos informations personnelles, \nNous vous demanderons de reconsentir \u00e0 la politique de confidentialit\u00e9 modifi\u00e9e.<\/p>\n\n\n\n<p>Cette politique est en vigueur \u00e0 compter du 1er janvier 2019.<\/p>\n<\/div>\n","protected":false},"excerpt":{"rendered":"<p>Politique de confidentialit\u00e9 Votre vie priv\u00e9e est importante pour nous. La politique de la S\u00e9curit\u00e9 est de respecter votre vie priv\u00e9e concernant toute information que nous pourrions recueillir aupr\u00e8s de vous sur notre site web, , ainsi que sur d\u2019autres sites que nous poss\u00e9dons et exploitons. 1. Informations que nous collectons Donn\u00e9es de journal Lorsque vous visitez notre site web, nos serveurs peuvent automatiquement enregistrer les donn\u00e9es standard fournies par votre navigateur web. Cela peut inclure l\u2019adresse IP (protocole Internet) de votre ordinateur, le type et la version de votre navigateur, les pages que vous visitez, l\u2019heure et la date de votre visite, le temps pass\u00e9 sur chaque page, ainsi que d\u2019autres d\u00e9tails. Donn\u00e9es de l\u2019appareil Nous pouvons \u00e9galement collecter des donn\u00e9es [&#8230;]<\/p>\n","protected":false},"author":1,"featured_media":0,"parent":0,"menu_order":0,"comment_status":"closed","ping_status":"closed","template":"","meta":{"_acf_changed":false,"_tec_requires_first_save":true,"_trash_the_other_posts":false,"advanced_seo_description":"","jetpack_seo_html_title":"","jetpack_seo_noindex":false,"_EventAllDay":false,"_EventTimezone":"","_EventStartDate":"","_EventEndDate":"","_EventStartDateUTC":"","_EventEndDateUTC":"","_EventShowMap":false,"_EventShowMapLink":false,"_EventURL":"","_EventCost":"","_EventCostDescription":"","_EventCurrencySymbol":"","_EventCurrencyCode":"","_EventCurrencyPosition":"","_EventDateTimeSeparator":"","_EventTimeRangeSeparator":"","_EventOrganizerID":[],"_EventVenueID":[],"_OrganizerEmail":"","_OrganizerPhone":"","_OrganizerWebsite":"","_VenueAddress":"","_VenueCity":"","_VenueCountry":"","_VenueProvince":"","_VenueState":"","_VenueZip":"","_VenuePhone":"","_VenueURL":"","_VenueStateProvince":"","_VenueLat":"","_VenueLng":"","_VenueShowMap":false,"_VenueShowMapLink":false,"_tribe_blocks_recurrence_rules":"","_tribe_blocks_recurrence_description":"","_tribe_blocks_recurrence_exclusions":"","editor_notices":[],"footnotes":""},"class_list":["post-54","page","type-page","status-publish","hentry"],"acf":[],"jetpack_sharing_enabled":true,"_links":{"self":[{"href":"https:\/\/rainbowregistered.com\/fr\/wp-json\/wp\/v2\/pages\/54","targetHints":{"allow":["GET"]}}],"collection":[{"href":"https:\/\/rainbowregistered.com\/fr\/wp-json\/wp\/v2\/pages"}],"about":[{"href":"https:\/\/rainbowregistered.com\/fr\/wp-json\/wp\/v2\/types\/page"}],"author":[{"embeddable":true,"href":"https:\/\/rainbowregistered.com\/fr\/wp-json\/wp\/v2\/users\/1"}],"replies":[{"embeddable":true,"href":"https:\/\/rainbowregistered.com\/fr\/wp-json\/wp\/v2\/comments?post=54"}],"version-history":[{"count":2,"href":"https:\/\/rainbowregistered.com\/fr\/wp-json\/wp\/v2\/pages\/54\/revisions"}],"predecessor-version":[{"id":412,"href":"https:\/\/rainbowregistered.com\/fr\/wp-json\/wp\/v2\/pages\/54\/revisions\/412"}],"wp:attachment":[{"href":"https:\/\/rainbowregistered.com\/fr\/wp-json\/wp\/v2\/media?parent=54"}],"curies":[{"name":"wp","href":"https:\/\/api.w.org\/{rel}","templated":true}]}}