{"id":62,"date":"2025-12-10T15:14:03","date_gmt":"2025-12-10T20:14:03","guid":{"rendered":"https:\/\/queerchamber.ca\/rr-live\/?page_id=62"},"modified":"2026-01-13T15:43:03","modified_gmt":"2026-01-13T20:43:03","slug":"conditions-dutilisation","status":"publish","type":"page","link":"https:\/\/rainbowregistered.com\/fr\/conditions-dutilisation\/","title":{"rendered":"Conditions d\u2019utilisation"},"content":{"rendered":"\n<div class=\"wp-block-group mdpadding is-layout-flow wp-block-group-is-layout-flow\">\n<h1 class=\"wp-block-heading\">Conditions d\u2019utilisation<\/h1>\n\n\n\n<h3 class=\"wp-block-heading\">1. Conditions<\/h3>\n\n\n\n<p>En acc\u00e9dant au site web \u00e0 [site web], vous acceptez d\u2019\u00eatre li\u00e9 par ces conditions d\u2019utilisation, toutes les lois et r\u00e9glementations applicables, et vous acceptez d\u2019\u00eatre responsable du respect de toute l\u00e9gislation locale applicable. Si vous n\u2019\u00eates pas d\u2019accord avec l\u2019un de ces termes, il vous est interdit d\u2019utiliser ou d\u2019acc\u00e9der \u00e0 ce site. Les documents contenus sur ce site web sont prot\u00e9g\u00e9s par la l\u00e9gislation applicable sur le droit d\u2019auteur et les marques.<\/p>\n\n\n\n<h3 class=\"wp-block-heading\">2. Utilisation de la licence<\/h3>\n\n\n\n<ol class=\"wp-block-list\">\n<li>L\u2019autorisation est accord\u00e9e de t\u00e9l\u00e9charger temporairement une copie des documents (informations ou logiciels) sur le site web de Arc-en-ciel Officiel pour une consultation personnelle et non commerciale uniquement. Il s\u2019agit de l\u2019octroi d\u2019une licence, pas d\u2019un transfert de titre, et sous cette licence, vous ne pouvez pas :\n<ol style=\"list-style-type:lower-roman\" class=\"wp-block-list\">\n<li>modifier ou copier les mat\u00e9riaux ;<\/li>\n\n\n\n<li>utiliser les mat\u00e9riaux \u00e0 des fins commerciales ou pour toute exposition publique (commerciale ou non) ;<\/li>\n\n\n\n<li>tenter de d\u00e9compiler ou de r\u00e9troconcevoir tout logiciel contenu sur le site web de Arc-en-ciel Officiel ;<\/li>\n\n\n\n<li>retirer toute mention de droits d\u2019auteur ou autres notations propri\u00e9taires des mat\u00e9riaux ; ou<\/li>\n\n\n\n<li>Transf\u00e9rer les documents \u00e0 une autre personne ou \u00ab miroir \u00bb les mat\u00e9riaux sur n\u2019importe quel autre serveur. <\/li>\n<\/ol>\n<\/li>\n\n\n\n<li>Cette licence sera automatiquement r\u00e9sili\u00e9e si vous enfreignez l\u2019une de ces restrictions et peut \u00eatre r\u00e9sili\u00e9e par Arc-en-ciel Officiel \u00e0 tout moment.  En mettant fin \u00e0 la consultation de ces documents ou \u00e0 la fin de cette licence, vous devez d\u00e9truire tout mat\u00e9riel t\u00e9l\u00e9charg\u00e9 en votre possession, que ce soit en format \u00e9lectronique ou imprim\u00e9.<\/li>\n<\/ol>\n\n\n\n<h3 class=\"wp-block-heading\">3. Avertissement<\/h3>\n\n\n\n<ol class=\"wp-block-list\">\n<li>Les documents sur le site web de Arc-en-ciel Officiel sont fournis \u00ab tels quels \u00bb.  Arc-en-ciel Officiel ne donne aucune garantie, expresse ou implicite, et par la pr\u00e9sente renie et annule toutes les autres garanties, y compris, sans limitation, les garanties implicites ou conditions de commercialisation, d\u2019aptitude \u00e0 un usage particulier, ou de non-atteinte \u00e0 la propri\u00e9t\u00e9 intellectuelle ou autre violation de droits.<\/li>\n\n\n\n<li>De plus, Arc-en-ciel Officiel ne garantit ni ne fait aucune d\u00e9claration concernant l\u2019exactitude, les r\u00e9sultats probables ou la fiabilit\u00e9 de l\u2019utilisation des documents sur son site web ou autrement relatifs \u00e0 ces documents ou sur tout site li\u00e9 \u00e0 ce site.<\/li>\n<\/ol>\n\n\n\n<h3 class=\"wp-block-heading\">4. Limitations<\/h3>\n\n\n\n<p>En aucun cas Arc-en-ciel Officiel ou ses fournisseurs ne seront responsables de tout dommage (y compris, sans s\u2019y limiter, des dommages pour perte de donn\u00e9es ou de profit, ou d\u00fb \u00e0 une interruption d\u2019activit\u00e9) r\u00e9sultant de l\u2019utilisation ou de l\u2019incapacit\u00e9 \u00e0 utiliser les documents sur le site web de Arc-en-ciel Officiel, m\u00eame si Arc-en-ciel Officiel ou un repr\u00e9sentant Arc-en-ciel Officiel autoris\u00e9 a \u00e9t\u00e9 inform\u00e9 oralement ou par \u00e9crit de la possibilit\u00e9 de tels dommages. Comme certaines juridictions n\u2019autorisent pas de limitations sur les garanties implicites, ni de limitation de responsabilit\u00e9 pour les dommages cons\u00e9cutifs ou accessoires, ces limitations peuvent ne pas s\u2019appliquer \u00e0 vous.<\/p>\n\n\n\n<h3 class=\"wp-block-heading\">5. Pr\u00e9cision des mat\u00e9riaux<\/h3>\n\n\n\n<p>Les documents apparaissant sur le site web de Arc-en-ciel Officiel peuvent contenir des erreurs techniques, typographiques ou photographiques.  Arc-en-ciel Officiel ne garantit pas que les documents pr\u00e9sents sur son site web soient exacts, complets ou actuels.  Arc-en-ciel Officiel peut modifier les documents contenus sur son site web \u00e0 tout moment sans pr\u00e9avis. Cependant, Arc-en-ciel Officiel ne s\u2019engage pas \u00e0 mettre \u00e0 jour les documents.<\/p>\n\n\n\n<h3 class=\"wp-block-heading\">6. Liens<\/h3>\n\n\n\n<p> Arc-en-ciel Officiel n\u2019a pas examin\u00e9 tous les sites li\u00e9s \u00e0 son site web et n\u2019est pas responsable du contenu de ces sites. L\u2019inclusion d\u2019un lien n\u2019implique pas l\u2019approbation par Arc-en-ciel Officiel du site. L\u2019utilisation de ce site web li\u00e9 est aux risques et p\u00e9rils de l\u2019utilisateur.<\/p>\n\n\n\n<h3 class=\"wp-block-heading\">7. Modifications<\/h3>\n\n\n\n<p> Arc-en-ciel Officiel peut r\u00e9viser ces conditions d\u2019utilisation pour son site web \u00e0 tout moment sans pr\u00e9avis. En utilisant ce site web, vous acceptez d\u2019\u00eatre li\u00e9 par la version en vigueur de ces conditions d\u2019utilisation.<\/p>\n\n\n\n<h3 class=\"wp-block-heading\">8. Droit applicable<\/h3>\n\n\n\n<p>Ces termes et conditions sont r\u00e9gis et interpr\u00e9t\u00e9s conform\u00e9ment aux lois de [ville], [province], [pays] et vous vous soumettez irr\u00e9vocablement \u00e0 la comp\u00e9tence exclusive des tribunaux de ce lieu.<\/p>\n<\/div>\n","protected":false},"excerpt":{"rendered":"<p>Conditions d\u2019utilisation 1. Conditions G\u00e9n\u00e9rales : En acc\u00e9dant au site \u00e0 , vous acceptez d\u2019\u00eatre li\u00e9 par ces conditions d\u2019utilisation, toutes les lois et r\u00e9glementations applicables, et vous acceptez d\u2019\u00eatre responsable du respect de toute l\u00e9gislation locale applicable. Si vous n\u2019\u00eates pas d\u2019accord avec l\u2019un de ces termes, il vous est interdit d\u2019utiliser ou d\u2019acc\u00e9der \u00e0 ce site. Les documents contenus sur ce site web sont prot\u00e9g\u00e9s par la l\u00e9gislation applicable sur le droit d\u2019auteur et les marques. 2. Utiliser la licence 3. Avertissement 4. Limitations En aucun cas ni ses fournisseurs ne seront responsables des dommages (y compris, sans s\u2019y limiter, les dommages pour perte de donn\u00e9es [&#8230;]<\/p>\n","protected":false},"author":1,"featured_media":0,"parent":0,"menu_order":0,"comment_status":"closed","ping_status":"closed","template":"","meta":{"_acf_changed":false,"_tec_requires_first_save":true,"_trash_the_other_posts":false,"advanced_seo_description":"","jetpack_seo_html_title":"","jetpack_seo_noindex":false,"_EventAllDay":false,"_EventTimezone":"","_EventStartDate":"","_EventEndDate":"","_EventStartDateUTC":"","_EventEndDateUTC":"","_EventShowMap":false,"_EventShowMapLink":false,"_EventURL":"","_EventCost":"","_EventCostDescription":"","_EventCurrencySymbol":"","_EventCurrencyCode":"","_EventCurrencyPosition":"","_EventDateTimeSeparator":"","_EventTimeRangeSeparator":"","_EventOrganizerID":[],"_EventVenueID":[],"_OrganizerEmail":"","_OrganizerPhone":"","_OrganizerWebsite":"","_VenueAddress":"","_VenueCity":"","_VenueCountry":"","_VenueProvince":"","_VenueState":"","_VenueZip":"","_VenuePhone":"","_VenueURL":"","_VenueStateProvince":"","_VenueLat":"","_VenueLng":"","_VenueShowMap":false,"_VenueShowMapLink":false,"_tribe_blocks_recurrence_rules":"","_tribe_blocks_recurrence_description":"","_tribe_blocks_recurrence_exclusions":"","editor_notices":[],"footnotes":""},"class_list":["post-62","page","type-page","status-publish","hentry"],"acf":[],"jetpack_sharing_enabled":true,"_links":{"self":[{"href":"https:\/\/rainbowregistered.com\/fr\/wp-json\/wp\/v2\/pages\/62","targetHints":{"allow":["GET"]}}],"collection":[{"href":"https:\/\/rainbowregistered.com\/fr\/wp-json\/wp\/v2\/pages"}],"about":[{"href":"https:\/\/rainbowregistered.com\/fr\/wp-json\/wp\/v2\/types\/page"}],"author":[{"embeddable":true,"href":"https:\/\/rainbowregistered.com\/fr\/wp-json\/wp\/v2\/users\/1"}],"replies":[{"embeddable":true,"href":"https:\/\/rainbowregistered.com\/fr\/wp-json\/wp\/v2\/comments?post=62"}],"version-history":[{"count":2,"href":"https:\/\/rainbowregistered.com\/fr\/wp-json\/wp\/v2\/pages\/62\/revisions"}],"predecessor-version":[{"id":415,"href":"https:\/\/rainbowregistered.com\/fr\/wp-json\/wp\/v2\/pages\/62\/revisions\/415"}],"wp:attachment":[{"href":"https:\/\/rainbowregistered.com\/fr\/wp-json\/wp\/v2\/media?parent=62"}],"curies":[{"name":"wp","href":"https:\/\/api.w.org\/{rel}","templated":true}]}}